{"id":2213,"date":"2020-11-14T09:53:47","date_gmt":"2020-11-14T08:53:47","guid":{"rendered":"https:\/\/orbit-zavlahy.sk\/eshop\/?post_type=product&#038;p=2213"},"modified":"2020-11-14T09:54:50","modified_gmt":"2020-11-14T08:54:50","slug":"mosadzna-slip-lok-t-spojka","status":"publish","type":"product","link":"https:\/\/orbit-zavlahy.sk\/obchod\/product\/mosadzna-slip-lok-t-spojka\/","title":{"rendered":"Mosadzn\u00e1 Slip-Lok T-spojka"},"content":{"rendered":"","protected":false},"excerpt":{"rendered":"<p>Slip-lok T-spojka sa pou\u017e\u00edva na prepojenie veden\u00ed vonkaj\u0161ieho hmlov\u00e9ho syst\u00e9mu. T-spojku a potrubie je ve\u013emi jednoduch\u00e9 odpoji\u0165 \u2013 sta\u010d\u00ed zatla\u010di\u0165 kovanie proti spojke, \u010d\u00edm sa uvo\u013en\u00ed spoj, a vytiahnu\u0165 potrubie, \u010do rob\u00ed zo Slip-Lok T-spojky univerz\u00e1lny spojovac\u00ed materi\u00e1l hmlov\u00fdch syst\u00e9mov.<br \/>\n\u2022 Kompatibiln\u00e9 s vonkaj\u0161\u00edm hmlov\u00fdm syst\u00e9mom Professional a ka\u017edou hmlovou<br \/>\n\u2022 sadou s 3\/8\u02ba flexibiln\u00fdm potrub\u00edm.<br \/>\n\u2022 Jedine\u010dn\u00e9 Slip-Lok vyhotovenie poskytuje presne 90\u00b0 ohyb v hmlovom veden\u00ed.<br \/>\n\u2022 Cel\u00e1 kon\u0161trukcia mosadzn\u00e1.<br \/>\n\u2022 4 roky z\u00e1ruka.<br \/>\n\u2022 Pre vonkaj\u0161ie pou\u017eitie iba so studenou vodou.<\/p>\n","protected":false},"featured_media":2214,"template":"","meta":{"spay_email":""},"product_cat":[29,62],"product_tag":[],"_links":{"self":[{"href":"https:\/\/orbit-zavlahy.sk\/obchod\/wp-json\/wp\/v2\/product\/2213"}],"collection":[{"href":"https:\/\/orbit-zavlahy.sk\/obchod\/wp-json\/wp\/v2\/product"}],"about":[{"href":"https:\/\/orbit-zavlahy.sk\/obchod\/wp-json\/wp\/v2\/types\/product"}],"wp:featuredmedia":[{"embeddable":true,"href":"https:\/\/orbit-zavlahy.sk\/obchod\/wp-json\/wp\/v2\/media\/2214"}],"wp:attachment":[{"href":"https:\/\/orbit-zavlahy.sk\/obchod\/wp-json\/wp\/v2\/media?parent=2213"}],"wp:term":[{"taxonomy":"product_cat","embeddable":true,"href":"https:\/\/orbit-zavlahy.sk\/obchod\/wp-json\/wp\/v2\/product_cat?post=2213"},{"taxonomy":"product_tag","embeddable":true,"href":"https:\/\/orbit-zavlahy.sk\/obchod\/wp-json\/wp\/v2\/product_tag?post=2213"}],"curies":[{"name":"wp","href":"https:\/\/api.w.org\/{rel}","templated":true}]}}