{"id":2208,"date":"2020-11-14T09:26:24","date_gmt":"2020-11-14T08:26:24","guid":{"rendered":"https:\/\/orbit-zavlahy.sk\/eshop\/?post_type=product&#038;p=2208"},"modified":"2020-12-11T13:19:16","modified_gmt":"2020-12-11T12:19:16","slug":"stake-zemny-uchyt","status":"publish","type":"product","link":"https:\/\/orbit-zavlahy.sk\/obchod\/product\/stake-zemny-uchyt\/","title":{"rendered":"STAKE zemn\u00fd \u00fachyt"},"content":{"rendered":"","protected":false},"excerpt":{"rendered":"<p>STAKE zemn\u00fd \u00fachyt pre 1 mikrorozpra\u0161ova\u010d <a href=\"https:\/\/orbit-zavlahy.sk\/obchod\/product\/mikrorozprasovac-mikro-spray-msj\/\">mikrorozpra\u0161ova\u010d MIKRO SPRAY \u2013 MSJ<\/a>, <a href=\"https:\/\/orbit-zavlahy.sk\/obchod\/product\/mikrorozprasovac-mikro-spray-msu\/\">mikrorozpra\u0161ova\u010d MIKRO SPRAY \u2013 MSU<\/a> alebo <a href=\"https:\/\/orbit-zavlahy.sk\/obchod\/product\/rotacny-vari-rotor-s-ventilom\/\">rota\u010dn\u00fd VARI ROTOR s ventilom<\/a>, kompletn\u00fd set s hadi\u010dkou 300 mm a konektorom pre vtla\u010denie do potrubia 16 mm, alebo do pru\u017en\u00e9ho potrubia QJ 20 mm, vy\u0161\u0161ie uveden\u00e9 mikrorozpra\u0161ova\u010de sa rovno naskrutkuj\u00fa na vo\u013en\u00fd koniec hadi\u010dky setu.<\/p>\n","protected":false},"featured_media":2209,"template":"","meta":{"spay_email":""},"product_cat":[28,58],"product_tag":[],"_links":{"self":[{"href":"https:\/\/orbit-zavlahy.sk\/obchod\/wp-json\/wp\/v2\/product\/2208"}],"collection":[{"href":"https:\/\/orbit-zavlahy.sk\/obchod\/wp-json\/wp\/v2\/product"}],"about":[{"href":"https:\/\/orbit-zavlahy.sk\/obchod\/wp-json\/wp\/v2\/types\/product"}],"wp:featuredmedia":[{"embeddable":true,"href":"https:\/\/orbit-zavlahy.sk\/obchod\/wp-json\/wp\/v2\/media\/2209"}],"wp:attachment":[{"href":"https:\/\/orbit-zavlahy.sk\/obchod\/wp-json\/wp\/v2\/media?parent=2208"}],"wp:term":[{"taxonomy":"product_cat","embeddable":true,"href":"https:\/\/orbit-zavlahy.sk\/obchod\/wp-json\/wp\/v2\/product_cat?post=2208"},{"taxonomy":"product_tag","embeddable":true,"href":"https:\/\/orbit-zavlahy.sk\/obchod\/wp-json\/wp\/v2\/product_tag?post=2208"}],"curies":[{"name":"wp","href":"https:\/\/api.w.org\/{rel}","templated":true}]}}