{"id":2204,"date":"2020-11-14T09:20:27","date_gmt":"2020-11-14T08:20:27","guid":{"rendered":"https:\/\/orbit-zavlahy.sk\/eshop\/?post_type=product&#038;p=2204"},"modified":"2020-12-11T13:19:01","modified_gmt":"2020-12-11T12:19:01","slug":"mikrorozprasovac-mikro-spray-msu","status":"publish","type":"product","link":"https:\/\/orbit-zavlahy.sk\/obchod\/product\/mikrorozprasovac-mikro-spray-msu\/","title":{"rendered":"Mikrorozpra\u0161ova\u010d MIKRO SPRAY &#8211; MSU"},"content":{"rendered":"","protected":false},"excerpt":{"rendered":"<p>Mikrorozpra\u0161ova\u010d MIKRO SPRAY &#8211; MSU ide naskrutkova\u0165 do <a href=\"https:\/\/orbit-zavlahy.sk\/obchod\/product\/zavitovy-adapter-1-2-x-1-4-vnutorny-zavit-k-mikrorozprasovacom\/\">z\u00e1vitov\u00e9ho adapt\u00e9ru<\/a> alebo do <a href=\"https:\/\/orbit-zavlahy.sk\/obchod\/product\/stake-zemny-uchyt\/\">STAKE zemn\u00e9ho \u00fachytu<\/a>, vonkaj\u0161\u00ed z\u00e1vit 4 mm, 160 l\/hod &#8211; do 2 barov, polomer dostreku 4 m; v\u00fdse\u010d 360\u00b0; tryska \u010dierna;doporu\u010den\u00fd filter 75 mesh; distrib\u00facia vody je v podobe jemn\u00fdch paprskov.<\/p>\n","protected":false},"featured_media":2205,"template":"","meta":{"spay_email":""},"product_cat":[28,58],"product_tag":[],"_links":{"self":[{"href":"https:\/\/orbit-zavlahy.sk\/obchod\/wp-json\/wp\/v2\/product\/2204"}],"collection":[{"href":"https:\/\/orbit-zavlahy.sk\/obchod\/wp-json\/wp\/v2\/product"}],"about":[{"href":"https:\/\/orbit-zavlahy.sk\/obchod\/wp-json\/wp\/v2\/types\/product"}],"wp:featuredmedia":[{"embeddable":true,"href":"https:\/\/orbit-zavlahy.sk\/obchod\/wp-json\/wp\/v2\/media\/2205"}],"wp:attachment":[{"href":"https:\/\/orbit-zavlahy.sk\/obchod\/wp-json\/wp\/v2\/media?parent=2204"}],"wp:term":[{"taxonomy":"product_cat","embeddable":true,"href":"https:\/\/orbit-zavlahy.sk\/obchod\/wp-json\/wp\/v2\/product_cat?post=2204"},{"taxonomy":"product_tag","embeddable":true,"href":"https:\/\/orbit-zavlahy.sk\/obchod\/wp-json\/wp\/v2\/product_tag?post=2204"}],"curies":[{"name":"wp","href":"https:\/\/api.w.org\/{rel}","templated":true}]}}