{"id":2197,"date":"2020-11-14T09:09:44","date_gmt":"2020-11-14T08:09:44","guid":{"rendered":"https:\/\/orbit-zavlahy.sk\/eshop\/?post_type=product&#038;p=2197"},"modified":"2020-12-11T13:18:35","modified_gmt":"2020-12-11T12:18:35","slug":"shrubbler-bodovy-paprskovy-mikrozavlazovac","status":"publish","type":"product","link":"https:\/\/orbit-zavlahy.sk\/obchod\/product\/shrubbler-bodovy-paprskovy-mikrozavlazovac\/","title":{"rendered":"SHRUBBLER bodov\u00fd paprskov\u00fd mikrozavla\u017eova\u010d"},"content":{"rendered":"","protected":false},"excerpt":{"rendered":"<p>bodov\u00fd paprskov\u00fd mikrozavla\u017eova\u010d s bodcom koncov\u00fd, zavla\u017euje \u00f4smimi paprskami zo stredu postrekova\u010da; v\u00fdse\u010d 360\u00b0 polomer dostreku 0 &#8211; 30 cm;mo\u017eno plynule regulova\u0165 prietok 0 &#8211; 49 l\/hod; je opatren\u00fd bodcom 10 cm. Pripojenie mo\u017eno previes\u0165 flexibiln\u00fdm mikropotrub\u00edm 1\/4&#8243;; hlavica sa d\u00e1 rozobra\u0165 a vy\u010disti\u0165, doporu\u010den\u00e1 filtr\u00e1cia 120 mesh, kompenz\u00e1cia tlaku<\/p>\n","protected":false},"featured_media":2198,"template":"","meta":{"spay_email":""},"product_cat":[28,58],"product_tag":[],"_links":{"self":[{"href":"https:\/\/orbit-zavlahy.sk\/obchod\/wp-json\/wp\/v2\/product\/2197"}],"collection":[{"href":"https:\/\/orbit-zavlahy.sk\/obchod\/wp-json\/wp\/v2\/product"}],"about":[{"href":"https:\/\/orbit-zavlahy.sk\/obchod\/wp-json\/wp\/v2\/types\/product"}],"wp:featuredmedia":[{"embeddable":true,"href":"https:\/\/orbit-zavlahy.sk\/obchod\/wp-json\/wp\/v2\/media\/2198"}],"wp:attachment":[{"href":"https:\/\/orbit-zavlahy.sk\/obchod\/wp-json\/wp\/v2\/media?parent=2197"}],"wp:term":[{"taxonomy":"product_cat","embeddable":true,"href":"https:\/\/orbit-zavlahy.sk\/obchod\/wp-json\/wp\/v2\/product_cat?post=2197"},{"taxonomy":"product_tag","embeddable":true,"href":"https:\/\/orbit-zavlahy.sk\/obchod\/wp-json\/wp\/v2\/product_tag?post=2197"}],"curies":[{"name":"wp","href":"https:\/\/api.w.org\/{rel}","templated":true}]}}