{"id":2193,"date":"2020-11-14T08:38:35","date_gmt":"2020-11-14T07:38:35","guid":{"rendered":"https:\/\/orbit-zavlahy.sk\/eshop\/?post_type=product&#038;p=2193"},"modified":"2020-11-14T09:03:37","modified_gmt":"2020-11-14T08:03:37","slug":"kvapkovac-ceta-priebezny-s-bodcom-10-cm","status":"publish","type":"product","link":"https:\/\/orbit-zavlahy.sk\/obchod\/product\/kvapkovac-ceta-priebezny-s-bodcom-10-cm\/","title":{"rendered":"Kvapkova\u010d CETA priebe\u017en\u00fd s bodcom 10 cm"},"content":{"rendered":"<p>prep\u00e1jaj\u00fa sa medzi sebou flexibiln\u00fdm mikropotrub\u00edm 1\/4\u201d, 4 l\/hod.<\/p>\n","protected":false},"excerpt":{"rendered":"<p>s\u00fa opatren\u00e9 zemn\u00fdm \u00fachytom o d\u013a\u017eke 10 cm; prevedenie s koncov\u00fdm a priebe\u017en\u00fdm kvapkova\u010dom. V\u00fdhodou je mo\u017enos\u0165 zapojenia do s\u00e9rie, doporu\u010den\u00fd pracovn\u00fd tlak 1 -3 bary. Pokia\u013e je tlak vody v potrub\u00ed do 3 barov, nie je treba reduk\u010dn\u00fd ventil. Pripojenie k potrubiu 16 mm mikropotrub\u00edm 1\/4\u201d , prietok 4 l\/hod. , mo\u017eno rozobra\u0165 a vy\u010disti\u0165, \u010dierny polypropyl\u00e9n. Mnohostrann\u00e9 pou\u017eitie aj ako riaden\u00e1 bodov\u00e1 z\u00e1vlaha jednotliv\u00fdch rastl\u00edn.<\/p>\n","protected":false},"featured_media":2194,"template":"","meta":{"spay_email":""},"product_cat":[28,57],"product_tag":[],"_links":{"self":[{"href":"https:\/\/orbit-zavlahy.sk\/obchod\/wp-json\/wp\/v2\/product\/2193"}],"collection":[{"href":"https:\/\/orbit-zavlahy.sk\/obchod\/wp-json\/wp\/v2\/product"}],"about":[{"href":"https:\/\/orbit-zavlahy.sk\/obchod\/wp-json\/wp\/v2\/types\/product"}],"wp:featuredmedia":[{"embeddable":true,"href":"https:\/\/orbit-zavlahy.sk\/obchod\/wp-json\/wp\/v2\/media\/2194"}],"wp:attachment":[{"href":"https:\/\/orbit-zavlahy.sk\/obchod\/wp-json\/wp\/v2\/media?parent=2193"}],"wp:term":[{"taxonomy":"product_cat","embeddable":true,"href":"https:\/\/orbit-zavlahy.sk\/obchod\/wp-json\/wp\/v2\/product_cat?post=2193"},{"taxonomy":"product_tag","embeddable":true,"href":"https:\/\/orbit-zavlahy.sk\/obchod\/wp-json\/wp\/v2\/product_tag?post=2193"}],"curies":[{"name":"wp","href":"https:\/\/api.w.org\/{rel}","templated":true}]}}