{"id":2191,"date":"2020-11-14T08:35:46","date_gmt":"2020-11-14T07:35:46","guid":{"rendered":"https:\/\/orbit-zavlahy.sk\/eshop\/?post_type=product&#038;p=2191"},"modified":"2024-07-16T20:09:22","modified_gmt":"2024-07-16T18:09:22","slug":"zemny-uchyt-asg-pre-mikropotrubie","status":"publish","type":"product","link":"https:\/\/orbit-zavlahy.sk\/obchod\/product\/zemny-uchyt-asg-pre-mikropotrubie\/","title":{"rendered":"Zemn\u00fd \u00fachyt &#8220;ASG&#8221; pre mikropotrubie"},"content":{"rendered":"","protected":false},"excerpt":{"rendered":"<p>zemn\u00fd \u00fachyt &#8220;ASG&#8221; pre mikropotrubie 1\/4&#8243;; pou\u017e\u00edva sa pre upevnenie PVC mikropotrubia 1\/4&#8243; v zemi<\/p>\n","protected":false},"featured_media":2192,"template":"","meta":{"spay_email":""},"product_cat":[56,28],"product_tag":[],"_links":{"self":[{"href":"https:\/\/orbit-zavlahy.sk\/obchod\/wp-json\/wp\/v2\/product\/2191"}],"collection":[{"href":"https:\/\/orbit-zavlahy.sk\/obchod\/wp-json\/wp\/v2\/product"}],"about":[{"href":"https:\/\/orbit-zavlahy.sk\/obchod\/wp-json\/wp\/v2\/types\/product"}],"wp:featuredmedia":[{"embeddable":true,"href":"https:\/\/orbit-zavlahy.sk\/obchod\/wp-json\/wp\/v2\/media\/2192"}],"wp:attachment":[{"href":"https:\/\/orbit-zavlahy.sk\/obchod\/wp-json\/wp\/v2\/media?parent=2191"}],"wp:term":[{"taxonomy":"product_cat","embeddable":true,"href":"https:\/\/orbit-zavlahy.sk\/obchod\/wp-json\/wp\/v2\/product_cat?post=2191"},{"taxonomy":"product_tag","embeddable":true,"href":"https:\/\/orbit-zavlahy.sk\/obchod\/wp-json\/wp\/v2\/product_tag?post=2191"}],"curies":[{"name":"wp","href":"https:\/\/api.w.org\/{rel}","templated":true}]}}