{"id":2183,"date":"2020-11-14T08:22:57","date_gmt":"2020-11-14T07:22:57","guid":{"rendered":"https:\/\/orbit-zavlahy.sk\/eshop\/?post_type=product&#038;p=2183"},"modified":"2020-11-26T11:05:06","modified_gmt":"2020-11-26T10:05:06","slug":"pakovy-profi-dierovac-up-3","status":"publish","type":"product","link":"https:\/\/orbit-zavlahy.sk\/obchod\/product\/pakovy-profi-dierovac-up-3\/","title":{"rendered":"P\u00e1kov\u00fd profi-dierova\u010d UP-3"},"content":{"rendered":"","protected":false},"excerpt":{"rendered":"<p>P\u00e1kov\u00fd profi-dierova\u010d UP-3 umo\u017e\u0148uje vytvorenie otvorov o priemere 3 mm do <a href=\"https:\/\/orbit-zavlahy.sk\/obchod\/product\/pruzne-pripojovacie-potrubie-qj-20-mm-pn6\/\">pru\u017en\u00e9ho pripojovacieho potrubia QJ 20 mm<\/a> a <a href=\"https:\/\/orbit-zavlahy.sk\/obchod\/product\/pruzne-potrubie-priemer-16-mm-pn-4\/\">pru\u017en\u00e9ho potrubia priemer 16 mm PN-4<\/a> pre vkladanie mikrokonektorov 4 mm: <a href=\"https:\/\/orbit-zavlahy.sk\/obchod\/product\/mikrokonektor-pre-pripojenie-pvc-potrubia\/\">mikrokonektor pre pripojenie PVC potrubia<\/a> a <a href=\"https:\/\/orbit-zavlahy.sk\/obchod\/product\/4-ramenny-mikrokonektor-pre-pripojenie-pvc-potrubia\/\">4-ramenn\u00fd mikrokonektor pre pripojenie PVC potrubia<\/a>, \u013eahk\u00e9 a r\u00fdchle pou\u017eitie, na n\u00e1stroji mo\u017eno nastavi\u0165 priemer potrubia.<\/p>\n","protected":false},"featured_media":2185,"template":"","meta":{"spay_email":""},"product_cat":[28,31,70],"product_tag":[],"_links":{"self":[{"href":"https:\/\/orbit-zavlahy.sk\/obchod\/wp-json\/wp\/v2\/product\/2183"}],"collection":[{"href":"https:\/\/orbit-zavlahy.sk\/obchod\/wp-json\/wp\/v2\/product"}],"about":[{"href":"https:\/\/orbit-zavlahy.sk\/obchod\/wp-json\/wp\/v2\/types\/product"}],"wp:featuredmedia":[{"embeddable":true,"href":"https:\/\/orbit-zavlahy.sk\/obchod\/wp-json\/wp\/v2\/media\/2185"}],"wp:attachment":[{"href":"https:\/\/orbit-zavlahy.sk\/obchod\/wp-json\/wp\/v2\/media?parent=2183"}],"wp:term":[{"taxonomy":"product_cat","embeddable":true,"href":"https:\/\/orbit-zavlahy.sk\/obchod\/wp-json\/wp\/v2\/product_cat?post=2183"},{"taxonomy":"product_tag","embeddable":true,"href":"https:\/\/orbit-zavlahy.sk\/obchod\/wp-json\/wp\/v2\/product_tag?post=2183"}],"curies":[{"name":"wp","href":"https:\/\/api.w.org\/{rel}","templated":true}]}}