{"id":2181,"date":"2020-11-14T08:21:14","date_gmt":"2020-11-14T07:21:14","guid":{"rendered":"https:\/\/orbit-zavlahy.sk\/eshop\/?post_type=product&#038;p=2181"},"modified":"2020-12-16T15:34:20","modified_gmt":"2020-12-16T14:34:20","slug":"plastovy-dierovac-pre-vytvorenie-otvorov-o-priemere-3-mm","status":"publish","type":"product","link":"https:\/\/orbit-zavlahy.sk\/obchod\/product\/plastovy-dierovac-pre-vytvorenie-otvorov-o-priemere-3-mm\/","title":{"rendered":"Plastov\u00fd dierova\u010d pre vytvorenie otvorov o priemere 3 mm"},"content":{"rendered":"","protected":false},"excerpt":{"rendered":"<p>Plastov\u00fd dierova\u010d pre vytvorenie otvorov o priemere 3 mm do <a href=\"https:\/\/orbit-zavlahy.sk\/obchod\/product\/pruzne-potrubie-priemer-16-mm-pn-4\/\">pru\u017en\u00e9ho potrubia 16 mm<\/a> a <a href=\"https:\/\/orbit-zavlahy.sk\/obchod\/product\/flexibilne-mikropotrubie-pvc-1-4-55-x-3-mm\/\">flexibiln\u00e9ho mikropotrubia PVC 1\/4\u201d<\/a> pre vkladanie mikrokonektorov 4 mm: <a href=\"https:\/\/orbit-zavlahy.sk\/obchod\/product\/mikrokonektor-pre-pripojenie-pvc-potrubia\/\">mikrokonektor pre pripojenie PVC potrubia<\/a> a <a href=\"https:\/\/orbit-zavlahy.sk\/obchod\/product\/4-ramenny-mikrokonektor-pre-pripojenie-pvc-potrubia\/\">4-ramenn\u00fd mikrokonektor pre pripojenie PVC potrubia<\/a>; prevedenie \u017elt\u00fd plast.<\/p>\n","protected":false},"featured_media":3134,"template":"","meta":{"spay_email":""},"product_cat":[28,31,70],"product_tag":[],"_links":{"self":[{"href":"https:\/\/orbit-zavlahy.sk\/obchod\/wp-json\/wp\/v2\/product\/2181"}],"collection":[{"href":"https:\/\/orbit-zavlahy.sk\/obchod\/wp-json\/wp\/v2\/product"}],"about":[{"href":"https:\/\/orbit-zavlahy.sk\/obchod\/wp-json\/wp\/v2\/types\/product"}],"wp:featuredmedia":[{"embeddable":true,"href":"https:\/\/orbit-zavlahy.sk\/obchod\/wp-json\/wp\/v2\/media\/3134"}],"wp:attachment":[{"href":"https:\/\/orbit-zavlahy.sk\/obchod\/wp-json\/wp\/v2\/media?parent=2181"}],"wp:term":[{"taxonomy":"product_cat","embeddable":true,"href":"https:\/\/orbit-zavlahy.sk\/obchod\/wp-json\/wp\/v2\/product_cat?post=2181"},{"taxonomy":"product_tag","embeddable":true,"href":"https:\/\/orbit-zavlahy.sk\/obchod\/wp-json\/wp\/v2\/product_tag?post=2181"}],"curies":[{"name":"wp","href":"https:\/\/api.w.org\/{rel}","templated":true}]}}