{"id":2173,"date":"2020-11-14T08:02:55","date_gmt":"2020-11-14T07:02:55","guid":{"rendered":"https:\/\/orbit-zavlahy.sk\/eshop\/?post_type=product&#038;p=2173"},"modified":"2020-11-25T17:12:27","modified_gmt":"2020-11-25T16:12:27","slug":"nastrcna-prechodova-tvarovka-16-mm-x-4-mm-x-16-mm","status":"publish","type":"product","link":"https:\/\/orbit-zavlahy.sk\/obchod\/product\/nastrcna-prechodova-tvarovka-16-mm-x-4-mm-x-16-mm\/","title":{"rendered":"N\u00e1str\u010dn\u00e1 prechodov\u00e1 tvarovka 16 mm x 4 mm x 16 mm"},"content":{"rendered":"","protected":false},"excerpt":{"rendered":"<p>N\u00e1str\u010dn\u00e1 prechodov\u00e1 tvarovka 16 mm x 4 mm x 16 mm; sl\u00fa\u017ei k vytvoreniu prechodu medzi <a href=\"https:\/\/orbit-zavlahy.sk\/obchod\/product\/pruzne-potrubie-priemer-16-mm-pn-4\/\">rozvodn\u00fdm potrub\u00edm 16 mm<\/a> a <a href=\"https:\/\/orbit-zavlahy.sk\/obchod\/product\/flexibilne-mikropotrubie-pvc-1-4-55-x-3-mm\/\">flexibiln\u00fdm mikropotrub\u00edm 1\/4&#8243;<\/a> (nie je treba vytvori\u0165 otvor dierova\u010dom do potrubia 16 mm).<\/p>\n","protected":false},"featured_media":2174,"template":"","meta":{"spay_email":""},"product_cat":[28,70],"product_tag":[],"_links":{"self":[{"href":"https:\/\/orbit-zavlahy.sk\/obchod\/wp-json\/wp\/v2\/product\/2173"}],"collection":[{"href":"https:\/\/orbit-zavlahy.sk\/obchod\/wp-json\/wp\/v2\/product"}],"about":[{"href":"https:\/\/orbit-zavlahy.sk\/obchod\/wp-json\/wp\/v2\/types\/product"}],"wp:featuredmedia":[{"embeddable":true,"href":"https:\/\/orbit-zavlahy.sk\/obchod\/wp-json\/wp\/v2\/media\/2174"}],"wp:attachment":[{"href":"https:\/\/orbit-zavlahy.sk\/obchod\/wp-json\/wp\/v2\/media?parent=2173"}],"wp:term":[{"taxonomy":"product_cat","embeddable":true,"href":"https:\/\/orbit-zavlahy.sk\/obchod\/wp-json\/wp\/v2\/product_cat?post=2173"},{"taxonomy":"product_tag","embeddable":true,"href":"https:\/\/orbit-zavlahy.sk\/obchod\/wp-json\/wp\/v2\/product_tag?post=2173"}],"curies":[{"name":"wp","href":"https:\/\/api.w.org\/{rel}","templated":true}]}}