{"id":2171,"date":"2020-11-14T08:00:48","date_gmt":"2020-11-14T07:00:48","guid":{"rendered":"https:\/\/orbit-zavlahy.sk\/eshop\/?post_type=product&#038;p=2171"},"modified":"2020-11-25T17:09:58","modified_gmt":"2020-11-25T16:09:58","slug":"zavitovy-adapter-1-2-x-1-4-k-mikrorozprasovacom","status":"publish","type":"product","link":"https:\/\/orbit-zavlahy.sk\/obchod\/product\/zavitovy-adapter-1-2-x-1-4-k-mikrorozprasovacom\/","title":{"rendered":"Z\u00e1vitov\u00fd adapt\u00e9r 1\/2&#8243; x 1\/4&#8243; k mikrorozpra\u0161ova\u010dom"},"content":{"rendered":"","protected":false},"excerpt":{"rendered":"<p>Z\u00e1vitov\u00fd adapt\u00e9r 1\/2&#8243; x 1\/4&#8243; k mikrorozpra\u0161ova\u010dom sl\u00fa\u017ei k vytvoreniu spoja k flexibiln\u00e9mu pripojovaciemu potrubiu 1\/4&#8243;, ktor\u00e9 vedie ku kvapkova\u010dom (Drop, Ceta) a k mikrozavla\u017eova\u010dom (SHRUBLER a SPEKTRUM). Doporu\u010den\u00fd pracovn\u00fd tlak je 0,5 &#8211; 1,5 baru, v spodnej \u010dasti adapt\u00e9ru je 1\/2&#8243; vn\u00fatorn\u00fd z\u00e1vit. Adapt\u00e9r sa napojuje na <a href=\"https:\/\/orbit-zavlahy.sk\/obchod\/product\/pruzne-pripojovacie-potrubie-qj-20-mm-pn6\/\">pru\u017en\u00e9 pripojenie QJ 20 mm<\/a> cez <a href=\"https:\/\/orbit-zavlahy.sk\/obchod\/product\/zavitove-koleno-qj-k-postrekovacu-vonkajsi-zavit\/\">koleno QJ s vonkaj\u0161\u00edm z\u00e1vitom<\/a>.<\/p>\n","protected":false},"featured_media":2172,"template":"","meta":{"spay_email":""},"product_cat":[28,70],"product_tag":[],"_links":{"self":[{"href":"https:\/\/orbit-zavlahy.sk\/obchod\/wp-json\/wp\/v2\/product\/2171"}],"collection":[{"href":"https:\/\/orbit-zavlahy.sk\/obchod\/wp-json\/wp\/v2\/product"}],"about":[{"href":"https:\/\/orbit-zavlahy.sk\/obchod\/wp-json\/wp\/v2\/types\/product"}],"wp:featuredmedia":[{"embeddable":true,"href":"https:\/\/orbit-zavlahy.sk\/obchod\/wp-json\/wp\/v2\/media\/2172"}],"wp:attachment":[{"href":"https:\/\/orbit-zavlahy.sk\/obchod\/wp-json\/wp\/v2\/media?parent=2171"}],"wp:term":[{"taxonomy":"product_cat","embeddable":true,"href":"https:\/\/orbit-zavlahy.sk\/obchod\/wp-json\/wp\/v2\/product_cat?post=2171"},{"taxonomy":"product_tag","embeddable":true,"href":"https:\/\/orbit-zavlahy.sk\/obchod\/wp-json\/wp\/v2\/product_tag?post=2171"}],"curies":[{"name":"wp","href":"https:\/\/api.w.org\/{rel}","templated":true}]}}