{"id":2169,"date":"2020-11-14T07:54:35","date_gmt":"2020-11-14T06:54:35","guid":{"rendered":"https:\/\/orbit-zavlahy.sk\/eshop\/?post_type=product&#038;p=2169"},"modified":"2020-11-14T08:00:38","modified_gmt":"2020-11-14T07:00:38","slug":"nastrcne-mikroventilky-pre-potrubny-system-pvc-1-4","status":"publish","type":"product","link":"https:\/\/orbit-zavlahy.sk\/obchod\/product\/nastrcne-mikroventilky-pre-potrubny-system-pvc-1-4\/","title":{"rendered":"N\u00e1str\u010dn\u00e9 mikroventilky pre potrubn\u00fd syst\u00e9m PVC 1\/4&#8243;"},"content":{"rendered":"","protected":false},"excerpt":{"rendered":"<p>n\u00e1str\u010dn\u00e9 mikroventilky pre potrubn\u00fd syst\u00e9m PVC 1\/4&#8243;; doporu\u010den\u00fd pracovn\u00fd tlak 0,5 &#8211; 1,5 baru; sl\u00fa\u017ei ku korekcii mikroz\u00e1vlahy<\/p>\n","protected":false},"featured_media":2170,"template":"","meta":{"spay_email":""},"product_cat":[28,70],"product_tag":[],"_links":{"self":[{"href":"https:\/\/orbit-zavlahy.sk\/obchod\/wp-json\/wp\/v2\/product\/2169"}],"collection":[{"href":"https:\/\/orbit-zavlahy.sk\/obchod\/wp-json\/wp\/v2\/product"}],"about":[{"href":"https:\/\/orbit-zavlahy.sk\/obchod\/wp-json\/wp\/v2\/types\/product"}],"wp:featuredmedia":[{"embeddable":true,"href":"https:\/\/orbit-zavlahy.sk\/obchod\/wp-json\/wp\/v2\/media\/2170"}],"wp:attachment":[{"href":"https:\/\/orbit-zavlahy.sk\/obchod\/wp-json\/wp\/v2\/media?parent=2169"}],"wp:term":[{"taxonomy":"product_cat","embeddable":true,"href":"https:\/\/orbit-zavlahy.sk\/obchod\/wp-json\/wp\/v2\/product_cat?post=2169"},{"taxonomy":"product_tag","embeddable":true,"href":"https:\/\/orbit-zavlahy.sk\/obchod\/wp-json\/wp\/v2\/product_tag?post=2169"}],"curies":[{"name":"wp","href":"https:\/\/api.w.org\/{rel}","templated":true}]}}