{"id":2167,"date":"2020-11-14T07:50:34","date_gmt":"2020-11-14T06:50:34","guid":{"rendered":"https:\/\/orbit-zavlahy.sk\/eshop\/?post_type=product&#038;p=2167"},"modified":"2020-11-25T17:05:27","modified_gmt":"2020-11-25T16:05:27","slug":"zavitovy-adapter-1-2-x-1-4-vnutorny-zavit-k-mikrorozprasovacom","status":"publish","type":"product","link":"https:\/\/orbit-zavlahy.sk\/obchod\/product\/zavitovy-adapter-1-2-x-1-4-vnutorny-zavit-k-mikrorozprasovacom\/","title":{"rendered":"Z\u00e1vitov\u00fd adapt\u00e9r 1\/2&#8243; x 1\/4&#8243; vn\u00fatorn\u00fd z\u00e1vit k mikrorozpra\u0161ova\u010dom"},"content":{"rendered":"","protected":false},"excerpt":{"rendered":"<p>z\u00e1vitov\u00fd adapt\u00e9r 1\/2&#8243; x 1\/4&#8243; vn\u00fatorn\u00fd z\u00e1vit k mikrorozpra\u0161ova\u010dom, tento adapt\u00e9r je ur\u010den\u00fd pre naskrutkovanie mikrorozpra\u0161ova\u010dov &#8220;MSU&#8221;, &#8220;MSJ&#8221; a rota\u010dn\u00fdch &#8220;VARI ROTOR&#8221;, doporu\u010den\u00fd pracovn\u00fd tlak je 0,5 &#8211; 1,5 baru, v spodnej \u010dasti adapt\u00e9ru je 1\/2&#8243; vn\u00fatorn\u00fd z\u00e1vit, adapt\u00e9r sa napojuje na <a href=\"https:\/\/orbit-zavlahy.sk\/obchod\/product\/pruzne-pripojovacie-potrubie-qj-20-mm-pn6\/\">pru\u017en\u00e9 pripojenie QJ 20 mm<\/a> cez <a href=\"https:\/\/orbit-zavlahy.sk\/obchod\/product\/zavitove-koleno-qj-k-postrekovacu-vonkajsi-zavit\/\">koleno QJ s vonkaj\u0161\u00edm z\u00e1vitom 20 x 1\/2&#8243;<\/a>.<\/p>\n","protected":false},"featured_media":2168,"template":"","meta":{"spay_email":""},"product_cat":[28,70],"product_tag":[],"_links":{"self":[{"href":"https:\/\/orbit-zavlahy.sk\/obchod\/wp-json\/wp\/v2\/product\/2167"}],"collection":[{"href":"https:\/\/orbit-zavlahy.sk\/obchod\/wp-json\/wp\/v2\/product"}],"about":[{"href":"https:\/\/orbit-zavlahy.sk\/obchod\/wp-json\/wp\/v2\/types\/product"}],"wp:featuredmedia":[{"embeddable":true,"href":"https:\/\/orbit-zavlahy.sk\/obchod\/wp-json\/wp\/v2\/media\/2168"}],"wp:attachment":[{"href":"https:\/\/orbit-zavlahy.sk\/obchod\/wp-json\/wp\/v2\/media?parent=2167"}],"wp:term":[{"taxonomy":"product_cat","embeddable":true,"href":"https:\/\/orbit-zavlahy.sk\/obchod\/wp-json\/wp\/v2\/product_cat?post=2167"},{"taxonomy":"product_tag","embeddable":true,"href":"https:\/\/orbit-zavlahy.sk\/obchod\/wp-json\/wp\/v2\/product_tag?post=2167"}],"curies":[{"name":"wp","href":"https:\/\/api.w.org\/{rel}","templated":true}]}}