{"id":2165,"date":"2020-11-14T07:45:32","date_gmt":"2020-11-14T06:45:32","guid":{"rendered":"https:\/\/orbit-zavlahy.sk\/eshop\/?post_type=product&#038;p=2165"},"modified":"2020-11-25T17:00:23","modified_gmt":"2020-11-25T16:00:23","slug":"4-ramenny-mikrokonektor-pre-pripojenie-pvc-potrubia","status":"publish","type":"product","link":"https:\/\/orbit-zavlahy.sk\/obchod\/product\/4-ramenny-mikrokonektor-pre-pripojenie-pvc-potrubia\/","title":{"rendered":"4-ramenn\u00fd mikrokonektor pre pripojenie PVC potrubia"},"content":{"rendered":"","protected":false},"excerpt":{"rendered":"<p>4-ramenn\u00fd mikrokonektor pre pripojenie <a href=\"https:\/\/orbit-zavlahy.sk\/obchod\/product\/flexibilne-mikropotrubie-pvc-1-4-55-x-3-mm\/\">PVC potrubia 1\/4&#8243;<\/a> na <a href=\"https:\/\/orbit-zavlahy.sk\/obchod\/product\/pruzne-potrubie-priemer-16-mm-pn-4\/\">pru\u017en\u00e9 rozvodn\u00e9 potrubie z PE-16 mm<\/a> alebo <a href=\"https:\/\/orbit-zavlahy.sk\/obchod\/product\/pruzne-pripojovacie-potrubie-qj-20-mm-pn6\/\">potrubie QJ 20 mm<\/a>. Vtla\u010d\u00ed sa do pripraven\u00fdch otvorov o priemere 3 mm. S\u00fa\u010dasne sa pripoj\u00ed na \u0161tyri <a href=\"https:\/\/orbit-zavlahy.sk\/obchod\/product\/flexibilne-mikropotrubie-pvc-1-4-55-x-3-mm\/\">mikropotrubia 1\/4&#8243;<\/a><\/p>\n","protected":false},"featured_media":2166,"template":"","meta":{"spay_email":""},"product_cat":[28,70],"product_tag":[],"_links":{"self":[{"href":"https:\/\/orbit-zavlahy.sk\/obchod\/wp-json\/wp\/v2\/product\/2165"}],"collection":[{"href":"https:\/\/orbit-zavlahy.sk\/obchod\/wp-json\/wp\/v2\/product"}],"about":[{"href":"https:\/\/orbit-zavlahy.sk\/obchod\/wp-json\/wp\/v2\/types\/product"}],"wp:featuredmedia":[{"embeddable":true,"href":"https:\/\/orbit-zavlahy.sk\/obchod\/wp-json\/wp\/v2\/media\/2166"}],"wp:attachment":[{"href":"https:\/\/orbit-zavlahy.sk\/obchod\/wp-json\/wp\/v2\/media?parent=2165"}],"wp:term":[{"taxonomy":"product_cat","embeddable":true,"href":"https:\/\/orbit-zavlahy.sk\/obchod\/wp-json\/wp\/v2\/product_cat?post=2165"},{"taxonomy":"product_tag","embeddable":true,"href":"https:\/\/orbit-zavlahy.sk\/obchod\/wp-json\/wp\/v2\/product_tag?post=2165"}],"curies":[{"name":"wp","href":"https:\/\/api.w.org\/{rel}","templated":true}]}}