{"id":2163,"date":"2020-11-14T07:42:21","date_gmt":"2020-11-14T06:42:21","guid":{"rendered":"https:\/\/orbit-zavlahy.sk\/eshop\/?post_type=product&#038;p=2163"},"modified":"2020-11-25T16:49:30","modified_gmt":"2020-11-25T15:49:30","slug":"mikrokonektor-pre-pripojenie-pvc-potrubia","status":"publish","type":"product","link":"https:\/\/orbit-zavlahy.sk\/obchod\/product\/mikrokonektor-pre-pripojenie-pvc-potrubia\/","title":{"rendered":"Mikrokonektor pre pripojenie PVC potrubia"},"content":{"rendered":"","protected":false},"excerpt":{"rendered":"<p>Mikrokonektor pre pripojenie <a href=\"https:\/\/orbit-zavlahy.sk\/obchod\/product\/flexibilne-mikropotrubie-pvc-1-4-55-x-3-mm\/\">PVC potrubia 1\/4\u201d<\/a>\u00a0 na <a href=\"https:\/\/orbit-zavlahy.sk\/obchod\/product\/pruzne-potrubie-priemer-16-mm-pn-4\/\">pru\u017en\u00e9 rozvodn\u00e9 potrubie z PE 16 mm<\/a>, alebo <a href=\"https:\/\/orbit-zavlahy.sk\/obchod\/product\/pruzne-pripojovacie-potrubie-qj-20-mm-pn6\/\">potrubie QJ 20 mm<\/a>. Vtla\u010d\u00ed sa do pripraven\u00fdch otvorov s priemerom 3 mm. Na opa\u010dn\u00fa stranu mikrokonektoru sa nasad\u00ed <a href=\"https:\/\/orbit-zavlahy.sk\/obchod\/product\/flexibilne-mikropotrubie-pvc-1-4-55-x-3-mm\/\">mikropotrubie 1\/4\u201d<\/a>.<\/p>\n","protected":false},"featured_media":2164,"template":"","meta":{"spay_email":""},"product_cat":[28,70],"product_tag":[],"_links":{"self":[{"href":"https:\/\/orbit-zavlahy.sk\/obchod\/wp-json\/wp\/v2\/product\/2163"}],"collection":[{"href":"https:\/\/orbit-zavlahy.sk\/obchod\/wp-json\/wp\/v2\/product"}],"about":[{"href":"https:\/\/orbit-zavlahy.sk\/obchod\/wp-json\/wp\/v2\/types\/product"}],"wp:featuredmedia":[{"embeddable":true,"href":"https:\/\/orbit-zavlahy.sk\/obchod\/wp-json\/wp\/v2\/media\/2164"}],"wp:attachment":[{"href":"https:\/\/orbit-zavlahy.sk\/obchod\/wp-json\/wp\/v2\/media?parent=2163"}],"wp:term":[{"taxonomy":"product_cat","embeddable":true,"href":"https:\/\/orbit-zavlahy.sk\/obchod\/wp-json\/wp\/v2\/product_cat?post=2163"},{"taxonomy":"product_tag","embeddable":true,"href":"https:\/\/orbit-zavlahy.sk\/obchod\/wp-json\/wp\/v2\/product_tag?post=2163"}],"curies":[{"name":"wp","href":"https:\/\/api.w.org\/{rel}","templated":true}]}}