{"id":2162,"date":"2020-11-14T15:30:17","date_gmt":"2020-11-14T14:30:17","guid":{"rendered":"https:\/\/orbit-zavlahy.sk\/eshop\/?post_type=product&#038;p=2162"},"modified":"2020-12-16T12:03:07","modified_gmt":"2020-12-16T11:03:07","slug":"voyager-nahradny-horny-zeleny-pryzovy-kryt","status":"publish","type":"product","link":"https:\/\/orbit-zavlahy.sk\/obchod\/product\/voyager-nahradny-horny-zeleny-pryzovy-kryt\/","title":{"rendered":"Voyager &#8211; n\u00e1hradn\u00fd horn\u00fd zelen\u00fd pry\u017eov\u00fd kryt"},"content":{"rendered":"","protected":false},"excerpt":{"rendered":"<p>Voyager &#8211; n\u00e1hradn\u00fd horn\u00fd zelen\u00fd pry\u017eov\u00fd kryt pre <a href=\"https:\/\/orbit-zavlahy.sk\/obchod\/product\/voyager-ii-3-4-profi-vysuvny-rozstrekovac-rotacny\/\">Voyager II \u2013 3\/4\u2033 profi v\u00fdsuvn\u00fd rozstrekova\u010d rota\u010dn\u00fd<\/a><\/p>\n","protected":false},"featured_media":3128,"template":"","meta":{"spay_email":""},"product_cat":[25,47],"product_tag":[],"_links":{"self":[{"href":"https:\/\/orbit-zavlahy.sk\/obchod\/wp-json\/wp\/v2\/product\/2162"}],"collection":[{"href":"https:\/\/orbit-zavlahy.sk\/obchod\/wp-json\/wp\/v2\/product"}],"about":[{"href":"https:\/\/orbit-zavlahy.sk\/obchod\/wp-json\/wp\/v2\/types\/product"}],"wp:featuredmedia":[{"embeddable":true,"href":"https:\/\/orbit-zavlahy.sk\/obchod\/wp-json\/wp\/v2\/media\/3128"}],"wp:attachment":[{"href":"https:\/\/orbit-zavlahy.sk\/obchod\/wp-json\/wp\/v2\/media?parent=2162"}],"wp:term":[{"taxonomy":"product_cat","embeddable":true,"href":"https:\/\/orbit-zavlahy.sk\/obchod\/wp-json\/wp\/v2\/product_cat?post=2162"},{"taxonomy":"product_tag","embeddable":true,"href":"https:\/\/orbit-zavlahy.sk\/obchod\/wp-json\/wp\/v2\/product_tag?post=2162"}],"curies":[{"name":"wp","href":"https:\/\/api.w.org\/{rel}","templated":true}]}}