{"id":2159,"date":"2020-11-13T17:17:07","date_gmt":"2020-11-13T16:17:07","guid":{"rendered":"https:\/\/orbit-zavlahy.sk\/eshop\/?post_type=product&#038;p=2159"},"modified":"2020-11-13T17:17:08","modified_gmt":"2020-11-13T16:17:08","slug":"impact-rotor-h2o-six-1-2-nevysuvny-nadzemny-rotacny-rozstrekovac-s-1-2-vonkajsim-pripojovacim-zavitom","status":"publish","type":"product","link":"https:\/\/orbit-zavlahy.sk\/obchod\/product\/impact-rotor-h2o-six-1-2-nevysuvny-nadzemny-rotacny-rozstrekovac-s-1-2-vonkajsim-pripojovacim-zavitom\/","title":{"rendered":"Impact-Rotor-H2O-SIX &#8211; 1\/2&#8243; nev\u00fdsuvn\u00fd nadzemn\u00fd rota\u010dn\u00fd rozstrekova\u010d s 1\/2&#8243; vonkaj\u0161\u00edm pripojovac\u00edm z\u00e1vitom"},"content":{"rendered":"","protected":false},"excerpt":{"rendered":"<p>Impact-Rotor-H2O-SIX 1\/2&#8243; nev\u00fdsuvn\u00fd nadzemn\u00fd rota\u010dn\u00fd rozstrekova\u010d s 1\/2&#8243; vonkaj\u0161\u00edm pripojovac\u00edm z\u00e1vitom; v\u00fdse\u010d rozstreku 25\u00b0-360\u00b0; dostrek v polomere a\u017e 10 m; 5-12 l\/min; 2,5-3,5 baru.<\/p>\n","protected":false},"featured_media":1460,"template":"","meta":{"spay_email":""},"product_cat":[25,47],"product_tag":[],"_links":{"self":[{"href":"https:\/\/orbit-zavlahy.sk\/obchod\/wp-json\/wp\/v2\/product\/2159"}],"collection":[{"href":"https:\/\/orbit-zavlahy.sk\/obchod\/wp-json\/wp\/v2\/product"}],"about":[{"href":"https:\/\/orbit-zavlahy.sk\/obchod\/wp-json\/wp\/v2\/types\/product"}],"wp:featuredmedia":[{"embeddable":true,"href":"https:\/\/orbit-zavlahy.sk\/obchod\/wp-json\/wp\/v2\/media\/1460"}],"wp:attachment":[{"href":"https:\/\/orbit-zavlahy.sk\/obchod\/wp-json\/wp\/v2\/media?parent=2159"}],"wp:term":[{"taxonomy":"product_cat","embeddable":true,"href":"https:\/\/orbit-zavlahy.sk\/obchod\/wp-json\/wp\/v2\/product_cat?post=2159"},{"taxonomy":"product_tag","embeddable":true,"href":"https:\/\/orbit-zavlahy.sk\/obchod\/wp-json\/wp\/v2\/product_tag?post=2159"}],"curies":[{"name":"wp","href":"https:\/\/api.w.org\/{rel}","templated":true}]}}