{"id":2155,"date":"2020-11-13T16:50:01","date_gmt":"2020-11-13T15:50:01","guid":{"rendered":"https:\/\/orbit-zavlahy.sk\/eshop\/?post_type=product&#038;p=2155"},"modified":"2020-11-25T16:25:56","modified_gmt":"2020-11-25T15:25:56","slug":"flexibilne-mikropotrubie-pvc-1-4-55-x-3-mm","status":"publish","type":"product","link":"https:\/\/orbit-zavlahy.sk\/obchod\/product\/flexibilne-mikropotrubie-pvc-1-4-55-x-3-mm\/","title":{"rendered":"Flexibiln\u00e9 mikropotrubie PVC 1\/4\u201d; 5,5 x 3 mm"},"content":{"rendered":"","protected":false},"excerpt":{"rendered":"<p>Flexibiln\u00e9 mikropotrubie PVC 1\/4\u201d; 5,5 x 3 mm, spoje na mikropotrub\u00ed sa vytv\u00e1raj\u00fa mechanicky, natla\u010den\u00edm konca mikropotrubia na n\u00e1str\u010dn\u00fd hrot 4 mm tvarovky, PVCpotrubie je pred\u00e1van\u00e9 v metr\u00e1\u017ei po 10 metroch,\u00a0 je s\u00fa\u010das\u0165ou rozvodn\u00fdch syst\u00e9mov mikroz\u00e1vlahy 4 mm &#8211; 1\/4\u201d<\/p>\n","protected":false},"featured_media":2156,"template":"","meta":{"spay_email":""},"product_cat":[28,80],"product_tag":[],"_links":{"self":[{"href":"https:\/\/orbit-zavlahy.sk\/obchod\/wp-json\/wp\/v2\/product\/2155"}],"collection":[{"href":"https:\/\/orbit-zavlahy.sk\/obchod\/wp-json\/wp\/v2\/product"}],"about":[{"href":"https:\/\/orbit-zavlahy.sk\/obchod\/wp-json\/wp\/v2\/types\/product"}],"wp:featuredmedia":[{"embeddable":true,"href":"https:\/\/orbit-zavlahy.sk\/obchod\/wp-json\/wp\/v2\/media\/2156"}],"wp:attachment":[{"href":"https:\/\/orbit-zavlahy.sk\/obchod\/wp-json\/wp\/v2\/media?parent=2155"}],"wp:term":[{"taxonomy":"product_cat","embeddable":true,"href":"https:\/\/orbit-zavlahy.sk\/obchod\/wp-json\/wp\/v2\/product_cat?post=2155"},{"taxonomy":"product_tag","embeddable":true,"href":"https:\/\/orbit-zavlahy.sk\/obchod\/wp-json\/wp\/v2\/product_tag?post=2155"}],"curies":[{"name":"wp","href":"https:\/\/api.w.org\/{rel}","templated":true}]}}