{"id":2152,"date":"2020-11-13T17:03:42","date_gmt":"2020-11-13T16:03:42","guid":{"rendered":"https:\/\/orbit-zavlahy.sk\/eshop\/?post_type=product&#038;p=2152"},"modified":"2020-12-16T16:25:15","modified_gmt":"2020-12-16T15:25:15","slug":"svorkovy-drziak-pre-rotacne-rozstrekovace","status":"publish","type":"product","link":"https:\/\/orbit-zavlahy.sk\/obchod\/product\/svorkovy-drziak-pre-rotacne-rozstrekovace\/","title":{"rendered":"Svorkov\u00fd dr\u017eiak pre rota\u010dn\u00e9 rozstrekova\u010de"},"content":{"rendered":"","protected":false},"excerpt":{"rendered":"<p>Svorkov\u00fd dr\u017eiak pre <a href=\"https:\/\/orbit-zavlahy.sk\/eshop\/product\/voyager-ii-3-4-profi-vysuvny-rozstrekovac-rotacny\/\">Voyager II \u2013 3\/4\u2033 profi v\u00fdsuvn\u00fd rozstrekova\u010d rota\u010dn\u00fd<\/a>, <a href=\"https:\/\/orbit-zavlahy.sk\/eshop\/product\/3-4-vysuvny-rozstrekovac-rotacny\/\">3\/4\u2033 v\u00fdsuvn\u00fd rozstrekova\u010d rota\u010dn\u00fd<\/a>, <a href=\"https:\/\/orbit-zavlahy.sk\/eshop\/product\/3-4-vysuvny-rozstrekovac-rotacny-nerezovy-vysuvnik\/\">3\/4\u2033 v\u00fdsuvn\u00fd rozstrekova\u010d rota\u010dn\u00fd; nerezov\u00fd v\u00fdsuvn\u00edk<\/a>; u\u013eah\u010duje v\u00fdmenu trysiek; vsunie sa medzi povytiahnut\u00fa nohu a telo rozstrekova\u010da.<\/p>\n","protected":false},"featured_media":3139,"template":"","meta":{"spay_email":""},"product_cat":[25,47],"product_tag":[],"_links":{"self":[{"href":"https:\/\/orbit-zavlahy.sk\/obchod\/wp-json\/wp\/v2\/product\/2152"}],"collection":[{"href":"https:\/\/orbit-zavlahy.sk\/obchod\/wp-json\/wp\/v2\/product"}],"about":[{"href":"https:\/\/orbit-zavlahy.sk\/obchod\/wp-json\/wp\/v2\/types\/product"}],"wp:featuredmedia":[{"embeddable":true,"href":"https:\/\/orbit-zavlahy.sk\/obchod\/wp-json\/wp\/v2\/media\/3139"}],"wp:attachment":[{"href":"https:\/\/orbit-zavlahy.sk\/obchod\/wp-json\/wp\/v2\/media?parent=2152"}],"wp:term":[{"taxonomy":"product_cat","embeddable":true,"href":"https:\/\/orbit-zavlahy.sk\/obchod\/wp-json\/wp\/v2\/product_cat?post=2152"},{"taxonomy":"product_tag","embeddable":true,"href":"https:\/\/orbit-zavlahy.sk\/obchod\/wp-json\/wp\/v2\/product_tag?post=2152"}],"curies":[{"name":"wp","href":"https:\/\/api.w.org\/{rel}","templated":true}]}}