{"id":2151,"date":"2020-11-13T16:41:54","date_gmt":"2020-11-13T15:41:54","guid":{"rendered":"https:\/\/orbit-zavlahy.sk\/eshop\/?post_type=product&#038;p=2151"},"modified":"2020-11-13T16:41:56","modified_gmt":"2020-11-13T15:41:56","slug":"3-4-vysuvny-rozstrekovac-rotacny-nerezovy-vysuvnik","status":"publish","type":"product","link":"https:\/\/orbit-zavlahy.sk\/obchod\/product\/3-4-vysuvny-rozstrekovac-rotacny-nerezovy-vysuvnik\/","title":{"rendered":"3\/4&#8243; v\u00fdsuvn\u00fd rozstrekova\u010d rota\u010dn\u00fd; nerezov\u00fd v\u00fdsuvn\u00edk"},"content":{"rendered":"","protected":false},"excerpt":{"rendered":"<p>3\/4&#8243; v\u00fdsuvn\u00fd rozstrekova\u010d rota\u010dn\u00fd; nerezov\u00fd v\u00fdsuvn\u00edk 10 cm; v\u00fdse\u010dov\u00fd i kruhov\u00fd s\u00fa\u010dasne; dostrek v polomere a\u017e 14 m; 8 trysiek; sp\u00e4tn\u00fd ventil ADV; bezolejov\u00fd prevodov\u00fd mechanizmus Gear Drive Box. Ve\u013emi vhodn\u00fd na antukov\u00e9 povrchy.<\/p>\n","protected":false},"featured_media":1456,"template":"","meta":{"spay_email":""},"product_cat":[25,47],"product_tag":[],"_links":{"self":[{"href":"https:\/\/orbit-zavlahy.sk\/obchod\/wp-json\/wp\/v2\/product\/2151"}],"collection":[{"href":"https:\/\/orbit-zavlahy.sk\/obchod\/wp-json\/wp\/v2\/product"}],"about":[{"href":"https:\/\/orbit-zavlahy.sk\/obchod\/wp-json\/wp\/v2\/types\/product"}],"wp:featuredmedia":[{"embeddable":true,"href":"https:\/\/orbit-zavlahy.sk\/obchod\/wp-json\/wp\/v2\/media\/1456"}],"wp:attachment":[{"href":"https:\/\/orbit-zavlahy.sk\/obchod\/wp-json\/wp\/v2\/media?parent=2151"}],"wp:term":[{"taxonomy":"product_cat","embeddable":true,"href":"https:\/\/orbit-zavlahy.sk\/obchod\/wp-json\/wp\/v2\/product_cat?post=2151"},{"taxonomy":"product_tag","embeddable":true,"href":"https:\/\/orbit-zavlahy.sk\/obchod\/wp-json\/wp\/v2\/product_tag?post=2151"}],"curies":[{"name":"wp","href":"https:\/\/api.w.org\/{rel}","templated":true}]}}