{"id":2128,"date":"2020-11-13T16:27:58","date_gmt":"2020-11-13T15:27:58","guid":{"rendered":"https:\/\/orbit-zavlahy.sk\/eshop\/?post_type=product&#038;p=2128"},"modified":"2020-11-20T13:22:37","modified_gmt":"2020-11-20T12:22:37","slug":"voyager-ii-3-4-profi-vysuvny-rozstrekovac-rotacny","status":"publish","type":"product","link":"https:\/\/orbit-zavlahy.sk\/obchod\/product\/voyager-ii-3-4-profi-vysuvny-rozstrekovac-rotacny\/","title":{"rendered":"Voyager II &#8211; 3\/4&#8243; profi v\u00fdsuvn\u00fd rozstrekova\u010d rota\u010dn\u00fd"},"content":{"rendered":"<p>Na stiahnutie &#8211; Manu\u00e1l: <a href=\"https:\/\/orbit-zavlahy.sk\/PDF\/3.4-vysuvny-rozstrekovac-rotacny.pdf\">VOYAGER II\u00ae Rozstrekova\u010d<\/a><\/p>\n","protected":false},"excerpt":{"rendered":"<p>Voyager II 3\/4&#8243; profi v\u00fdsuvn\u00fd rozstrekova\u010d rota\u010dn\u00fd, v\u00fdsuvn\u00edk 10 cm; v\u00fdse\u010d rozstreku 40\u00b0-360\u00b0; dostrek v polomere a\u017e 15 m pri spotrebe vody 13 l\/min, 11 m pri spotrebe vody 10 l\/min; bezolejov\u00fd prevodov\u00fd mechanizmus Gear Drive Box; 8 trysiek; 2,7-50 l\/min; 2,5-4 bary; vzostup 25\u00b0; pripojenie 3\/4&#8243; vn\u00fatorn\u00fd z\u00e1vit; vstavan\u00fd sp\u00e4tn\u00fd ventil ADV.<\/p>\n","protected":false},"featured_media":1456,"template":"","meta":{"spay_email":""},"product_cat":[25,47],"product_tag":[75],"_links":{"self":[{"href":"https:\/\/orbit-zavlahy.sk\/obchod\/wp-json\/wp\/v2\/product\/2128"}],"collection":[{"href":"https:\/\/orbit-zavlahy.sk\/obchod\/wp-json\/wp\/v2\/product"}],"about":[{"href":"https:\/\/orbit-zavlahy.sk\/obchod\/wp-json\/wp\/v2\/types\/product"}],"wp:featuredmedia":[{"embeddable":true,"href":"https:\/\/orbit-zavlahy.sk\/obchod\/wp-json\/wp\/v2\/media\/1456"}],"wp:attachment":[{"href":"https:\/\/orbit-zavlahy.sk\/obchod\/wp-json\/wp\/v2\/media?parent=2128"}],"wp:term":[{"taxonomy":"product_cat","embeddable":true,"href":"https:\/\/orbit-zavlahy.sk\/obchod\/wp-json\/wp\/v2\/product_cat?post=2128"},{"taxonomy":"product_tag","embeddable":true,"href":"https:\/\/orbit-zavlahy.sk\/obchod\/wp-json\/wp\/v2\/product_tag?post=2128"}],"curies":[{"name":"wp","href":"https:\/\/api.w.org\/{rel}","templated":true}]}}