{"id":2117,"date":"2020-11-13T16:14:07","date_gmt":"2020-11-13T15:14:07","guid":{"rendered":"https:\/\/orbit-zavlahy.sk\/eshop\/?post_type=product&#038;p=2117"},"modified":"2020-11-13T16:15:28","modified_gmt":"2020-11-13T15:15:28","slug":"mini-plastovy-uzaver-2x-vnutorny-zavit-3-4-x-3-4redukcny-ventil-plastovy-17-baru-kopia","status":"publish","type":"product","link":"https:\/\/orbit-zavlahy.sk\/obchod\/product\/mini-plastovy-uzaver-2x-vnutorny-zavit-3-4-x-3-4redukcny-ventil-plastovy-17-baru-kopia\/","title":{"rendered":"&#8220;MINI&#8221; plastov\u00fd uz\u00e1ver, 2x vn\u00fatorn\u00fd z\u00e1vit 3\/4&#8243; x 3\/4&#8243;"},"content":{"rendered":"","protected":false},"excerpt":{"rendered":"","protected":false},"featured_media":2118,"template":"","meta":{"spay_email":""},"product_cat":[27,69],"product_tag":[],"_links":{"self":[{"href":"https:\/\/orbit-zavlahy.sk\/obchod\/wp-json\/wp\/v2\/product\/2117"}],"collection":[{"href":"https:\/\/orbit-zavlahy.sk\/obchod\/wp-json\/wp\/v2\/product"}],"about":[{"href":"https:\/\/orbit-zavlahy.sk\/obchod\/wp-json\/wp\/v2\/types\/product"}],"wp:featuredmedia":[{"embeddable":true,"href":"https:\/\/orbit-zavlahy.sk\/obchod\/wp-json\/wp\/v2\/media\/2118"}],"wp:attachment":[{"href":"https:\/\/orbit-zavlahy.sk\/obchod\/wp-json\/wp\/v2\/media?parent=2117"}],"wp:term":[{"taxonomy":"product_cat","embeddable":true,"href":"https:\/\/orbit-zavlahy.sk\/obchod\/wp-json\/wp\/v2\/product_cat?post=2117"},{"taxonomy":"product_tag","embeddable":true,"href":"https:\/\/orbit-zavlahy.sk\/obchod\/wp-json\/wp\/v2\/product_tag?post=2117"}],"curies":[{"name":"wp","href":"https:\/\/api.w.org\/{rel}","templated":true}]}}