{"id":2113,"date":"2020-11-13T16:11:33","date_gmt":"2020-11-13T15:11:33","guid":{"rendered":"https:\/\/orbit-zavlahy.sk\/eshop\/?post_type=product&#038;p=2113"},"modified":"2020-11-13T16:13:20","modified_gmt":"2020-11-13T15:13:20","slug":"plastovy-uzatvaraci-ventil-2x-vnutorny-zavit","status":"publish","type":"product","link":"https:\/\/orbit-zavlahy.sk\/obchod\/product\/plastovy-uzatvaraci-ventil-2x-vnutorny-zavit\/","title":{"rendered":"Plastov\u00fd uzatv\u00e1rac\u00ed ventil, 2x vn\u00fatorn\u00fd z\u00e1vit"},"content":{"rendered":"","protected":false},"excerpt":{"rendered":"<p>plastov\u00fd uzatv\u00e1rac\u00ed ventil PN-4 (do 4 barov); mo\u017enos\u0165 uzavrenia PE potrubia 25 mm (3\/4\u201d)<\/p>\n","protected":false},"featured_media":2116,"template":"","meta":{"spay_email":""},"product_cat":[27,69],"product_tag":[],"_links":{"self":[{"href":"https:\/\/orbit-zavlahy.sk\/obchod\/wp-json\/wp\/v2\/product\/2113"}],"collection":[{"href":"https:\/\/orbit-zavlahy.sk\/obchod\/wp-json\/wp\/v2\/product"}],"about":[{"href":"https:\/\/orbit-zavlahy.sk\/obchod\/wp-json\/wp\/v2\/types\/product"}],"wp:featuredmedia":[{"embeddable":true,"href":"https:\/\/orbit-zavlahy.sk\/obchod\/wp-json\/wp\/v2\/media\/2116"}],"wp:attachment":[{"href":"https:\/\/orbit-zavlahy.sk\/obchod\/wp-json\/wp\/v2\/media?parent=2113"}],"wp:term":[{"taxonomy":"product_cat","embeddable":true,"href":"https:\/\/orbit-zavlahy.sk\/obchod\/wp-json\/wp\/v2\/product_cat?post=2113"},{"taxonomy":"product_tag","embeddable":true,"href":"https:\/\/orbit-zavlahy.sk\/obchod\/wp-json\/wp\/v2\/product_tag?post=2113"}],"curies":[{"name":"wp","href":"https:\/\/api.w.org\/{rel}","templated":true}]}}