{"id":2109,"date":"2020-11-13T16:03:31","date_gmt":"2020-11-13T15:03:31","guid":{"rendered":"https:\/\/orbit-zavlahy.sk\/eshop\/?post_type=product&#038;p=2109"},"modified":"2020-11-25T16:14:19","modified_gmt":"2020-11-25T15:14:19","slug":"plastovy-uzatvaraci-ventil-pn-4-do-4-barov-vnutorny-vonkajsi-zavit","status":"publish","type":"product","link":"https:\/\/orbit-zavlahy.sk\/obchod\/product\/plastovy-uzatvaraci-ventil-pn-4-do-4-barov-vnutorny-vonkajsi-zavit\/","title":{"rendered":"Plastov\u00fd uzatv\u00e1rac\u00ed ventil PN-4 (do 4 barov) &#8211; vn\u00fatorn\u00fd\/ vonkaj\u0161\u00ed z\u00e1vit"},"content":{"rendered":"","protected":false},"excerpt":{"rendered":"<p>Plastov\u00fd uzatv\u00e1rac\u00ed ventil PN-4 (do 4 barov); mo\u017enos\u0165 uzavrenia <a href=\"https:\/\/orbit-zavlahy.sk\/obchod\/product\/potrubie-ld-pe-1bm\/\">PE potrubia 25 mm (3\/4\u201d)<\/a><\/p>\n","protected":false},"featured_media":2112,"template":"","meta":{"spay_email":""},"product_cat":[27,69],"product_tag":[],"_links":{"self":[{"href":"https:\/\/orbit-zavlahy.sk\/obchod\/wp-json\/wp\/v2\/product\/2109"}],"collection":[{"href":"https:\/\/orbit-zavlahy.sk\/obchod\/wp-json\/wp\/v2\/product"}],"about":[{"href":"https:\/\/orbit-zavlahy.sk\/obchod\/wp-json\/wp\/v2\/types\/product"}],"wp:featuredmedia":[{"embeddable":true,"href":"https:\/\/orbit-zavlahy.sk\/obchod\/wp-json\/wp\/v2\/media\/2112"}],"wp:attachment":[{"href":"https:\/\/orbit-zavlahy.sk\/obchod\/wp-json\/wp\/v2\/media?parent=2109"}],"wp:term":[{"taxonomy":"product_cat","embeddable":true,"href":"https:\/\/orbit-zavlahy.sk\/obchod\/wp-json\/wp\/v2\/product_cat?post=2109"},{"taxonomy":"product_tag","embeddable":true,"href":"https:\/\/orbit-zavlahy.sk\/obchod\/wp-json\/wp\/v2\/product_tag?post=2109"}],"curies":[{"name":"wp","href":"https:\/\/api.w.org\/{rel}","templated":true}]}}