{"id":2107,"date":"2020-11-13T16:20:54","date_gmt":"2020-11-13T15:20:54","guid":{"rendered":"https:\/\/orbit-zavlahy.sk\/eshop\/?post_type=product&#038;p=2107"},"modified":"2020-11-13T16:20:55","modified_gmt":"2020-11-13T15:20:55","slug":"3-4-plastovy-samovypustaci-ventil","status":"publish","type":"product","link":"https:\/\/orbit-zavlahy.sk\/obchod\/product\/3-4-plastovy-samovypustaci-ventil\/","title":{"rendered":"3\/4\u201d plastov\u00fd samovyp\u00fa\u0161\u0165ac\u00ed ventil"},"content":{"rendered":"","protected":false},"excerpt":{"rendered":"<p>3\/4\u201d plastov\u00fd samovyp\u00fa\u0161\u0165ac\u00ed ventil. K aktiv\u00e1cii ventilu doch\u00e1dza pri poklese pod 0,2 baru, pri tlaku vy\u0161\u0161om ne\u017e 0,2 baru je ventil uzatvoren\u00fd. Pou\u017e\u00edva sa pri v\u00fdsuvn\u00fdch rozstrekova\u010doch s d\u013a\u017ekou v\u00fdsuvn\u00edka 15 &#8211; 30 cm s bo\u010dn\u00fdm pripojen\u00edm. Tento ventil sa nain\u0161taluje do spodn\u00e9ho pripojenia a v rozstrekova\u010di ned\u00f4jde k vytvoreniu st\u013apca vody medzi jeho bo\u010dn\u00fdm a spodn\u00fdm pripojen\u00edm. Jeho pou\u017eitie je aj v \u010dastiach potrubn\u00e9ho syst\u00e9mu, ktor\u00e9 sa obtia\u017ene zbavuje vody vzduchom z kompresora.<\/p>\n","protected":false},"featured_media":1455,"template":"","meta":{"spay_email":""},"product_cat":[46,25,43],"product_tag":[],"_links":{"self":[{"href":"https:\/\/orbit-zavlahy.sk\/obchod\/wp-json\/wp\/v2\/product\/2107"}],"collection":[{"href":"https:\/\/orbit-zavlahy.sk\/obchod\/wp-json\/wp\/v2\/product"}],"about":[{"href":"https:\/\/orbit-zavlahy.sk\/obchod\/wp-json\/wp\/v2\/types\/product"}],"wp:featuredmedia":[{"embeddable":true,"href":"https:\/\/orbit-zavlahy.sk\/obchod\/wp-json\/wp\/v2\/media\/1455"}],"wp:attachment":[{"href":"https:\/\/orbit-zavlahy.sk\/obchod\/wp-json\/wp\/v2\/media?parent=2107"}],"wp:term":[{"taxonomy":"product_cat","embeddable":true,"href":"https:\/\/orbit-zavlahy.sk\/obchod\/wp-json\/wp\/v2\/product_cat?post=2107"},{"taxonomy":"product_tag","embeddable":true,"href":"https:\/\/orbit-zavlahy.sk\/obchod\/wp-json\/wp\/v2\/product_tag?post=2107"}],"curies":[{"name":"wp","href":"https:\/\/api.w.org\/{rel}","templated":true}]}}