{"id":2104,"date":"2020-11-13T15:51:59","date_gmt":"2020-11-13T14:51:59","guid":{"rendered":"https:\/\/orbit-zavlahy.sk\/eshop\/?post_type=product&#038;p=2104"},"modified":"2020-11-25T16:08:21","modified_gmt":"2020-11-25T15:08:21","slug":"redukcny-ventil-plastovy-17-baru","status":"publish","type":"product","link":"https:\/\/orbit-zavlahy.sk\/obchod\/product\/redukcny-ventil-plastovy-17-baru\/","title":{"rendered":"Reduk\u010dn\u00fd ventil plastov\u00fd 1,7 baru"},"content":{"rendered":"","protected":false},"excerpt":{"rendered":"<p>reduk\u010dn\u00fd ventil plastov\u00fd 1,7 baru; 3\/4&#8243; vn\u00fatorn\u00fd-vonkaj\u0161\u00ed z\u00e1vit; umiest\u0148uje sa za elektroventily alebo z\u00e1hradn\u00fd koh\u00fatik smerom k z\u00e1vlahe; \u0161\u00edpka nazna\u010duje smer v\u00fdtoku vody, v pr\u00edpade vy\u0161\u0161ieho tlaku vody ne\u017e 2 bary sa montuje za elektroventil, alebo z\u00e1hradn\u00fd koh\u00fatik do <a href=\"https:\/\/orbit-zavlahy.sk\/obchod\/product\/kruhova-sachtica-large\/\">samostatnej \u0161achtice<\/a><\/p>\n","protected":false},"featured_media":2105,"template":"","meta":{"spay_email":""},"product_cat":[27,55],"product_tag":[],"_links":{"self":[{"href":"https:\/\/orbit-zavlahy.sk\/obchod\/wp-json\/wp\/v2\/product\/2104"}],"collection":[{"href":"https:\/\/orbit-zavlahy.sk\/obchod\/wp-json\/wp\/v2\/product"}],"about":[{"href":"https:\/\/orbit-zavlahy.sk\/obchod\/wp-json\/wp\/v2\/types\/product"}],"wp:featuredmedia":[{"embeddable":true,"href":"https:\/\/orbit-zavlahy.sk\/obchod\/wp-json\/wp\/v2\/media\/2105"}],"wp:attachment":[{"href":"https:\/\/orbit-zavlahy.sk\/obchod\/wp-json\/wp\/v2\/media?parent=2104"}],"wp:term":[{"taxonomy":"product_cat","embeddable":true,"href":"https:\/\/orbit-zavlahy.sk\/obchod\/wp-json\/wp\/v2\/product_cat?post=2104"},{"taxonomy":"product_tag","embeddable":true,"href":"https:\/\/orbit-zavlahy.sk\/obchod\/wp-json\/wp\/v2\/product_tag?post=2104"}],"curies":[{"name":"wp","href":"https:\/\/api.w.org\/{rel}","templated":true}]}}