{"id":2102,"date":"2020-11-13T15:58:32","date_gmt":"2020-11-13T14:58:32","guid":{"rendered":"https:\/\/orbit-zavlahy.sk\/eshop\/?post_type=product&#038;p=2102"},"modified":"2020-12-17T10:31:36","modified_gmt":"2020-12-17T09:31:36","slug":"montazny-multifunkcny-kluc-pre-rozstrekovace","status":"publish","type":"product","link":"https:\/\/orbit-zavlahy.sk\/obchod\/product\/montazny-multifunkcny-kluc-pre-rozstrekovace\/","title":{"rendered":"Mont\u00e1\u017eny multifunk\u010dn\u00fd k\u013e\u00fa\u010d pre rozstrekova\u010de"},"content":{"rendered":"","protected":false},"excerpt":{"rendered":"<p>Mont\u00e1\u017eny multifunk\u010dn\u00fd k\u013e\u00fa\u010d pre rozstrekova\u010de kat. \u010d. 3301, kat. \u010d. 3302 a kat. \u010d. 3303; pou\u017eitie pod\u013ea n\u00e1vodu k rozstrekova\u010dom.<\/p>\n","protected":false},"featured_media":1454,"template":"","meta":{"spay_email":""},"product_cat":[46,25,47,43],"product_tag":[],"_links":{"self":[{"href":"https:\/\/orbit-zavlahy.sk\/obchod\/wp-json\/wp\/v2\/product\/2102"}],"collection":[{"href":"https:\/\/orbit-zavlahy.sk\/obchod\/wp-json\/wp\/v2\/product"}],"about":[{"href":"https:\/\/orbit-zavlahy.sk\/obchod\/wp-json\/wp\/v2\/types\/product"}],"wp:featuredmedia":[{"embeddable":true,"href":"https:\/\/orbit-zavlahy.sk\/obchod\/wp-json\/wp\/v2\/media\/1454"}],"wp:attachment":[{"href":"https:\/\/orbit-zavlahy.sk\/obchod\/wp-json\/wp\/v2\/media?parent=2102"}],"wp:term":[{"taxonomy":"product_cat","embeddable":true,"href":"https:\/\/orbit-zavlahy.sk\/obchod\/wp-json\/wp\/v2\/product_cat?post=2102"},{"taxonomy":"product_tag","embeddable":true,"href":"https:\/\/orbit-zavlahy.sk\/obchod\/wp-json\/wp\/v2\/product_tag?post=2102"}],"curies":[{"name":"wp","href":"https:\/\/api.w.org\/{rel}","templated":true}]}}