{"id":2099,"date":"2020-11-13T15:41:42","date_gmt":"2020-11-13T14:41:42","guid":{"rendered":"https:\/\/orbit-zavlahy.sk\/eshop\/?post_type=product&#038;p=2099"},"modified":"2020-11-13T15:51:39","modified_gmt":"2020-11-13T14:51:39","slug":"objimka-16-mm-pre-zovrenie-spoja-nastrcnych-tvaroviek","status":"publish","type":"product","link":"https:\/\/orbit-zavlahy.sk\/obchod\/product\/objimka-16-mm-pre-zovrenie-spoja-nastrcnych-tvaroviek\/","title":{"rendered":"Obj\u00edmka 16 mm pre zovrenie spoja n\u00e1str\u010dn\u00fdch tvaroviek"},"content":{"rendered":"","protected":false},"excerpt":{"rendered":"<p>obj\u00edmka 16 mm pre zovrenie spoja n\u00e1str\u010dn\u00fdch tvaroviek, kolienok, T-kusov, z\u00e1tiek a pod.<\/p>\n","protected":false},"featured_media":2103,"template":"","meta":{"spay_email":""},"product_cat":[27,55],"product_tag":[],"_links":{"self":[{"href":"https:\/\/orbit-zavlahy.sk\/obchod\/wp-json\/wp\/v2\/product\/2099"}],"collection":[{"href":"https:\/\/orbit-zavlahy.sk\/obchod\/wp-json\/wp\/v2\/product"}],"about":[{"href":"https:\/\/orbit-zavlahy.sk\/obchod\/wp-json\/wp\/v2\/types\/product"}],"wp:featuredmedia":[{"embeddable":true,"href":"https:\/\/orbit-zavlahy.sk\/obchod\/wp-json\/wp\/v2\/media\/2103"}],"wp:attachment":[{"href":"https:\/\/orbit-zavlahy.sk\/obchod\/wp-json\/wp\/v2\/media?parent=2099"}],"wp:term":[{"taxonomy":"product_cat","embeddable":true,"href":"https:\/\/orbit-zavlahy.sk\/obchod\/wp-json\/wp\/v2\/product_cat?post=2099"},{"taxonomy":"product_tag","embeddable":true,"href":"https:\/\/orbit-zavlahy.sk\/obchod\/wp-json\/wp\/v2\/product_tag?post=2099"}],"curies":[{"name":"wp","href":"https:\/\/api.w.org\/{rel}","templated":true}]}}