{"id":2097,"date":"2020-11-13T15:47:30","date_gmt":"2020-11-13T14:47:30","guid":{"rendered":"https:\/\/orbit-zavlahy.sk\/eshop\/?post_type=product&#038;p=2097"},"modified":"2020-12-17T11:25:45","modified_gmt":"2020-12-17T10:25:45","slug":"nastavitelny-spatny-ventil","status":"publish","type":"product","link":"https:\/\/orbit-zavlahy.sk\/obchod\/product\/nastavitelny-spatny-ventil\/","title":{"rendered":"Nastavite\u013en\u00fd sp\u00e4tn\u00fd ventil"},"content":{"rendered":"","protected":false},"excerpt":{"rendered":"<p>Nastavite\u013en\u00fd sp\u00e4tn\u00fd ventil na potrubie &#8211; vn\u00fatorn\u00fd\/vonkaj\u0161\u00ed z\u00e1vit, nastavite\u013en\u00fd do 10 m v\u00fd\u0161kov\u00e9ho sp\u00e1du.<\/p>\n<p>Pou\u017e\u00edva sa pokia\u013e s\u00fa rozstrekova\u010de in\u0161talovan\u00e9 nad sebou vo svahu. Pri uzavret\u00ed elektroventila spravidla zbytok vody z potrubia vytek\u00e1 najspodnej\u0161\u00edm rozstrekova\u010dom a tu sa vytv\u00e1ra zamokren\u00fd priestor. Pre zamedzenie \u00faniku vody z potrubia sa montuje sp\u00e4tn\u00fd ventil pred posledn\u00fd spodn\u00fd rozstrekova\u010d.<\/p>\n","protected":false},"featured_media":1453,"template":"","meta":{"spay_email":""},"product_cat":[46,25,43],"product_tag":[],"_links":{"self":[{"href":"https:\/\/orbit-zavlahy.sk\/obchod\/wp-json\/wp\/v2\/product\/2097"}],"collection":[{"href":"https:\/\/orbit-zavlahy.sk\/obchod\/wp-json\/wp\/v2\/product"}],"about":[{"href":"https:\/\/orbit-zavlahy.sk\/obchod\/wp-json\/wp\/v2\/types\/product"}],"wp:featuredmedia":[{"embeddable":true,"href":"https:\/\/orbit-zavlahy.sk\/obchod\/wp-json\/wp\/v2\/media\/1453"}],"wp:attachment":[{"href":"https:\/\/orbit-zavlahy.sk\/obchod\/wp-json\/wp\/v2\/media?parent=2097"}],"wp:term":[{"taxonomy":"product_cat","embeddable":true,"href":"https:\/\/orbit-zavlahy.sk\/obchod\/wp-json\/wp\/v2\/product_cat?post=2097"},{"taxonomy":"product_tag","embeddable":true,"href":"https:\/\/orbit-zavlahy.sk\/obchod\/wp-json\/wp\/v2\/product_tag?post=2097"}],"curies":[{"name":"wp","href":"https:\/\/api.w.org\/{rel}","templated":true}]}}