{"id":2090,"date":"2020-11-13T15:34:56","date_gmt":"2020-11-13T14:34:56","guid":{"rendered":"https:\/\/orbit-zavlahy.sk\/eshop\/?post_type=product&#038;p=2090"},"modified":"2020-11-13T15:38:12","modified_gmt":"2020-11-13T14:38:12","slug":"zatka-pre-kvapkovacie-potrubie","status":"publish","type":"product","link":"https:\/\/orbit-zavlahy.sk\/obchod\/product\/zatka-pre-kvapkovacie-potrubie\/","title":{"rendered":"Z\u00e1tka pre kvapkovacie potrubie"},"content":{"rendered":"","protected":false},"excerpt":{"rendered":"<p>z\u00e1tkou sa uzatv\u00e1ra koniec vetvy pru\u017en\u00e9ho\u00a0 potrubia<\/p>\n","protected":false},"featured_media":2083,"template":"","meta":{"spay_email":""},"product_cat":[27,55],"product_tag":[],"_links":{"self":[{"href":"https:\/\/orbit-zavlahy.sk\/obchod\/wp-json\/wp\/v2\/product\/2090"}],"collection":[{"href":"https:\/\/orbit-zavlahy.sk\/obchod\/wp-json\/wp\/v2\/product"}],"about":[{"href":"https:\/\/orbit-zavlahy.sk\/obchod\/wp-json\/wp\/v2\/types\/product"}],"wp:featuredmedia":[{"embeddable":true,"href":"https:\/\/orbit-zavlahy.sk\/obchod\/wp-json\/wp\/v2\/media\/2083"}],"wp:attachment":[{"href":"https:\/\/orbit-zavlahy.sk\/obchod\/wp-json\/wp\/v2\/media?parent=2090"}],"wp:term":[{"taxonomy":"product_cat","embeddable":true,"href":"https:\/\/orbit-zavlahy.sk\/obchod\/wp-json\/wp\/v2\/product_cat?post=2090"},{"taxonomy":"product_tag","embeddable":true,"href":"https:\/\/orbit-zavlahy.sk\/obchod\/wp-json\/wp\/v2\/product_tag?post=2090"}],"curies":[{"name":"wp","href":"https:\/\/api.w.org\/{rel}","templated":true}]}}