{"id":2087,"date":"2020-11-13T15:32:12","date_gmt":"2020-11-13T14:32:12","guid":{"rendered":"https:\/\/orbit-zavlahy.sk\/eshop\/?post_type=product&#038;p=2087"},"modified":"2020-11-13T15:39:58","modified_gmt":"2020-11-13T14:39:58","slug":"1-2-bubbler-ii","status":"publish","type":"product","link":"https:\/\/orbit-zavlahy.sk\/obchod\/product\/1-2-bubbler-ii\/","title":{"rendered":"1\/2&#8243; Bubbler II"},"content":{"rendered":"","protected":false},"excerpt":{"rendered":"<p>1\/2&#8243; Bubbler II, nadzemn\u00e9 vyu\u017eitie, regulovate\u013en\u00fd, z\u00e1plavov\u00fd efekt &#8211; montuje sa na pred\u013a\u017eenie <a href=\"https:\/\/orbit-zavlahy.sk\/eshop\/product\/1-2-x-1-2-predlzenie-skracovatelne-30cm-vonkajsi-zavit-2\/\">1\/2\u2033 x 1\/2\u2033 pred\u013a\u017eenie skracovate\u013en\u00e9 \u2013 vonkaj\u0161\u00ed z\u00e1vit<\/a>, <a href=\"https:\/\/orbit-zavlahy.sk\/eshop\/product\/1-2-spodny-x-5-8-horny-vonkajsi-zavit-pevne-predlzenie\/\">1\/2\u2033 spodn\u00fd x 5\/8\u2033 horn\u00fd vonkaj\u0161\u00ed z\u00e1vit, pevn\u00e9 pred\u013a\u017eenie<\/a> alebo <a href=\"https:\/\/orbit-zavlahy.sk\/eshop\/product\/1-2-spodny-x-5-8-horny-vonkajsi-zavit-teleskopicke-predlzenie-s-aretaciou\/\">1\/2\u2033 spodn\u00fd x 5\/8\u2033 horn\u00fd vonkaj\u0161\u00ed z\u00e1vit, teleskopick\u00e9 pred\u013a\u017eenie s aret\u00e1ciou<\/a>; 1\/2&#8243; vonkaj\u0161\u00ed z\u00e1vit; filter; 1,7 baru; 0-7 l\/min; vhodn\u00fd do krov a pod.<\/p>\n","protected":false},"featured_media":1448,"template":"","meta":{"spay_email":""},"product_cat":[46,25,43],"product_tag":[],"_links":{"self":[{"href":"https:\/\/orbit-zavlahy.sk\/obchod\/wp-json\/wp\/v2\/product\/2087"}],"collection":[{"href":"https:\/\/orbit-zavlahy.sk\/obchod\/wp-json\/wp\/v2\/product"}],"about":[{"href":"https:\/\/orbit-zavlahy.sk\/obchod\/wp-json\/wp\/v2\/types\/product"}],"wp:featuredmedia":[{"embeddable":true,"href":"https:\/\/orbit-zavlahy.sk\/obchod\/wp-json\/wp\/v2\/media\/1448"}],"wp:attachment":[{"href":"https:\/\/orbit-zavlahy.sk\/obchod\/wp-json\/wp\/v2\/media?parent=2087"}],"wp:term":[{"taxonomy":"product_cat","embeddable":true,"href":"https:\/\/orbit-zavlahy.sk\/obchod\/wp-json\/wp\/v2\/product_cat?post=2087"},{"taxonomy":"product_tag","embeddable":true,"href":"https:\/\/orbit-zavlahy.sk\/obchod\/wp-json\/wp\/v2\/product_tag?post=2087"}],"curies":[{"name":"wp","href":"https:\/\/api.w.org\/{rel}","templated":true}]}}