{"id":2077,"date":"2020-11-13T15:23:15","date_gmt":"2020-11-13T14:23:15","guid":{"rendered":"https:\/\/orbit-zavlahy.sk\/eshop\/?post_type=product&#038;p=2077"},"modified":"2020-11-13T15:33:55","modified_gmt":"2020-11-13T14:33:55","slug":"1-2-spodny-x-5-8-horny-vonkajsi-zavit-teleskopicke-predlzenie-s-aretaciou","status":"publish","type":"product","link":"https:\/\/orbit-zavlahy.sk\/obchod\/product\/1-2-spodny-x-5-8-horny-vonkajsi-zavit-teleskopicke-predlzenie-s-aretaciou\/","title":{"rendered":"1\/2&#8243; spodn\u00fd x 5\/8&#8243; horn\u00fd vonkaj\u0161\u00ed z\u00e1vit, teleskopick\u00e9 pred\u013a\u017eenie s aret\u00e1ciou"},"content":{"rendered":"","protected":false},"excerpt":{"rendered":"<p>1\/2&#8243; spodn\u00fd x 5\/8&#8243; horn\u00fd vonkaj\u0161\u00ed z\u00e1vit, teleskopick\u00e9 pred\u013a\u017eenie s aret\u00e1ciou, z\u00e1kladn\u00fd modul d\u013a\u017eka 48 cm, d\u00e1 sa pred\u013a\u017ei\u0165 a\u017e na 90 cm. Na z\u00e1vit 5\/8&#8243; sa naskrutkuje ktor\u00e1ko\u013evek v\u00fdmenn\u00e1 tryska s filtrom s <a href=\"https:\/\/orbit-zavlahy.sk\/eshop\/product-category\/rozstrekovace\/system-rozstrekovacov\/trysky-pevne\/\">pevnou v\u00fdse\u010dou<\/a> alebo <a href=\"https:\/\/orbit-zavlahy.sk\/eshop\/product-category\/rozstrekovace\/system-rozstrekovacov\/trysky-nastavitelne\/\">nastavite\u013enou v\u00fdse\u010dou<\/a>; Ur\u010den\u00e9 do krov a skaliek. Tryska nie je s\u00fa\u010das\u0165ou. Kovov\u00e9 prevedenie, zelen\u00e1 farba.<\/p>\n","protected":false},"featured_media":1452,"template":"","meta":{"spay_email":""},"product_cat":[46,25,43],"product_tag":[],"_links":{"self":[{"href":"https:\/\/orbit-zavlahy.sk\/obchod\/wp-json\/wp\/v2\/product\/2077"}],"collection":[{"href":"https:\/\/orbit-zavlahy.sk\/obchod\/wp-json\/wp\/v2\/product"}],"about":[{"href":"https:\/\/orbit-zavlahy.sk\/obchod\/wp-json\/wp\/v2\/types\/product"}],"wp:featuredmedia":[{"embeddable":true,"href":"https:\/\/orbit-zavlahy.sk\/obchod\/wp-json\/wp\/v2\/media\/1452"}],"wp:attachment":[{"href":"https:\/\/orbit-zavlahy.sk\/obchod\/wp-json\/wp\/v2\/media?parent=2077"}],"wp:term":[{"taxonomy":"product_cat","embeddable":true,"href":"https:\/\/orbit-zavlahy.sk\/obchod\/wp-json\/wp\/v2\/product_cat?post=2077"},{"taxonomy":"product_tag","embeddable":true,"href":"https:\/\/orbit-zavlahy.sk\/obchod\/wp-json\/wp\/v2\/product_tag?post=2077"}],"curies":[{"name":"wp","href":"https:\/\/api.w.org\/{rel}","templated":true}]}}