{"id":2073,"date":"2020-11-13T15:10:21","date_gmt":"2020-11-13T14:10:21","guid":{"rendered":"https:\/\/orbit-zavlahy.sk\/eshop\/?post_type=product&#038;p=2073"},"modified":"2020-11-25T13:41:22","modified_gmt":"2020-11-25T12:41:22","slug":"1-2-spodny-x-5-8-horny-vonkajsi-zavit-pevne-predlzenie","status":"publish","type":"product","link":"https:\/\/orbit-zavlahy.sk\/obchod\/product\/1-2-spodny-x-5-8-horny-vonkajsi-zavit-pevne-predlzenie\/","title":{"rendered":"1\/2&#8243; spodn\u00fd x 5\/8&#8243; horn\u00fd vonkaj\u0161\u00ed z\u00e1vit, pevn\u00e9 pred\u013a\u017eenie"},"content":{"rendered":"","protected":false},"excerpt":{"rendered":"<p>1\/2&#8243; spodn\u00fd x 5\/8&#8243; horn\u00fd vonkaj\u0161\u00ed z\u00e1vit, pevn\u00e9 pred\u013a\u017eenie, do krov, skaliek a z\u00e1hradn\u00fdch z\u00e1honov. V\u00fd\u0161ka 60 cm, na z\u00e1vit 5\/8&#8243; sa naskrutkuje ktor\u00e1ko\u013evek v\u00fdmenn\u00e1 tryska s filtrom s <a href=\"https:\/\/orbit-zavlahy.sk\/eshop\/product-category\/rozstrekovace\/system-rozstrekovacov\/trysky-pevne\/\">pevnou v\u00fdse\u010dou<\/a> alebo <a href=\"https:\/\/orbit-zavlahy.sk\/eshop\/product-category\/rozstrekovace\/system-rozstrekovacov\/trysky-nastavitelne\/\">nastavite\u013enou v\u00fdse\u010dou<\/a>, plastov\u00e9 prevedenie; tryska nie je s\u00fa\u010das\u0165ou.<\/p>\n","protected":false},"featured_media":1452,"template":"","meta":{"spay_email":""},"product_cat":[46,25,43],"product_tag":[],"_links":{"self":[{"href":"https:\/\/orbit-zavlahy.sk\/obchod\/wp-json\/wp\/v2\/product\/2073"}],"collection":[{"href":"https:\/\/orbit-zavlahy.sk\/obchod\/wp-json\/wp\/v2\/product"}],"about":[{"href":"https:\/\/orbit-zavlahy.sk\/obchod\/wp-json\/wp\/v2\/types\/product"}],"wp:featuredmedia":[{"embeddable":true,"href":"https:\/\/orbit-zavlahy.sk\/obchod\/wp-json\/wp\/v2\/media\/1452"}],"wp:attachment":[{"href":"https:\/\/orbit-zavlahy.sk\/obchod\/wp-json\/wp\/v2\/media?parent=2073"}],"wp:term":[{"taxonomy":"product_cat","embeddable":true,"href":"https:\/\/orbit-zavlahy.sk\/obchod\/wp-json\/wp\/v2\/product_cat?post=2073"},{"taxonomy":"product_tag","embeddable":true,"href":"https:\/\/orbit-zavlahy.sk\/obchod\/wp-json\/wp\/v2\/product_tag?post=2073"}],"curies":[{"name":"wp","href":"https:\/\/api.w.org\/{rel}","templated":true}]}}