{"id":2071,"date":"2020-11-13T15:04:04","date_gmt":"2020-11-13T14:04:04","guid":{"rendered":"https:\/\/orbit-zavlahy.sk\/eshop\/?post_type=product&#038;p=2071"},"modified":"2020-11-13T15:05:01","modified_gmt":"2020-11-13T14:05:01","slug":"nastrcne-koleno-20x20-mm","status":"publish","type":"product","link":"https:\/\/orbit-zavlahy.sk\/obchod\/product\/nastrcne-koleno-20x20-mm\/","title":{"rendered":"N\u00e1str\u010dn\u00e9 koleno 20&#215;20 mm"},"content":{"rendered":"","protected":false},"excerpt":{"rendered":"<p>koleno n\u00e1str\u010dn\u00e9 20&#215;20 mm; pre prepojenie pru\u017en\u00e9ho potrubia 20 mm<\/p>\n","protected":false},"featured_media":2070,"template":"","meta":{"spay_email":""},"product_cat":[27,55],"product_tag":[],"_links":{"self":[{"href":"https:\/\/orbit-zavlahy.sk\/obchod\/wp-json\/wp\/v2\/product\/2071"}],"collection":[{"href":"https:\/\/orbit-zavlahy.sk\/obchod\/wp-json\/wp\/v2\/product"}],"about":[{"href":"https:\/\/orbit-zavlahy.sk\/obchod\/wp-json\/wp\/v2\/types\/product"}],"wp:featuredmedia":[{"embeddable":true,"href":"https:\/\/orbit-zavlahy.sk\/obchod\/wp-json\/wp\/v2\/media\/2070"}],"wp:attachment":[{"href":"https:\/\/orbit-zavlahy.sk\/obchod\/wp-json\/wp\/v2\/media?parent=2071"}],"wp:term":[{"taxonomy":"product_cat","embeddable":true,"href":"https:\/\/orbit-zavlahy.sk\/obchod\/wp-json\/wp\/v2\/product_cat?post=2071"},{"taxonomy":"product_tag","embeddable":true,"href":"https:\/\/orbit-zavlahy.sk\/obchod\/wp-json\/wp\/v2\/product_tag?post=2071"}],"curies":[{"name":"wp","href":"https:\/\/api.w.org\/{rel}","templated":true}]}}