{"id":2068,"date":"2020-11-13T14:59:35","date_gmt":"2020-11-13T13:59:35","guid":{"rendered":"https:\/\/orbit-zavlahy.sk\/eshop\/?post_type=product&#038;p=2068"},"modified":"2020-11-13T15:03:41","modified_gmt":"2020-11-13T14:03:41","slug":"nastrcne-koleno-16x16-mm","status":"publish","type":"product","link":"https:\/\/orbit-zavlahy.sk\/obchod\/product\/nastrcne-koleno-16x16-mm\/","title":{"rendered":"N\u00e1str\u010dn\u00e9 koleno 16&#215;16 mm"},"content":{"rendered":"","protected":false},"excerpt":{"rendered":"<p>koleno n\u00e1str\u010dn\u00e9 16&#215;16 mm; pre prepojenie kvapkovacieho alebo pru\u017en\u00e9ho potrubia<br \/>\n16 mm<\/p>\n","protected":false},"featured_media":2070,"template":"","meta":{"spay_email":""},"product_cat":[27,55],"product_tag":[],"_links":{"self":[{"href":"https:\/\/orbit-zavlahy.sk\/obchod\/wp-json\/wp\/v2\/product\/2068"}],"collection":[{"href":"https:\/\/orbit-zavlahy.sk\/obchod\/wp-json\/wp\/v2\/product"}],"about":[{"href":"https:\/\/orbit-zavlahy.sk\/obchod\/wp-json\/wp\/v2\/types\/product"}],"wp:featuredmedia":[{"embeddable":true,"href":"https:\/\/orbit-zavlahy.sk\/obchod\/wp-json\/wp\/v2\/media\/2070"}],"wp:attachment":[{"href":"https:\/\/orbit-zavlahy.sk\/obchod\/wp-json\/wp\/v2\/media?parent=2068"}],"wp:term":[{"taxonomy":"product_cat","embeddable":true,"href":"https:\/\/orbit-zavlahy.sk\/obchod\/wp-json\/wp\/v2\/product_cat?post=2068"},{"taxonomy":"product_tag","embeddable":true,"href":"https:\/\/orbit-zavlahy.sk\/obchod\/wp-json\/wp\/v2\/product_tag?post=2068"}],"curies":[{"name":"wp","href":"https:\/\/api.w.org\/{rel}","templated":true}]}}