{"id":2067,"date":"2020-11-13T15:06:06","date_gmt":"2020-11-13T14:06:06","guid":{"rendered":"https:\/\/orbit-zavlahy.sk\/eshop\/?post_type=product&#038;p=2067"},"modified":"2020-11-13T15:06:07","modified_gmt":"2020-11-13T14:06:07","slug":"1-2-x-1-2-pevne-predlzenie-2x-vonkajsi-zavit","status":"publish","type":"product","link":"https:\/\/orbit-zavlahy.sk\/obchod\/product\/1-2-x-1-2-pevne-predlzenie-2x-vonkajsi-zavit\/","title":{"rendered":"1\/2&#8243; x 1\/2&#8243; pevn\u00e9 pred\u013a\u017eenie &#8211; 2x vonkaj\u0161\u00ed z\u00e1vit"},"content":{"rendered":"","protected":false},"excerpt":{"rendered":"<p>1\/2&#8243; x 1\/2&#8243;, 2x vonkaj\u0161\u00ed z\u00e1vit, pevn\u00e9 pred\u013a\u017eenie &#8211; d\u013a\u017eka 45 cm, je ur\u010den\u00fd do n\u00edzkych krov, skaliek a z\u00e1hradn\u00fdch z\u00e1honov. Na toto pred\u013a\u017eenie sa naskrutkuje adapt\u00e9r kat. \u010d. 3252 a na\u0148ho ktor\u00e1ko\u013evek v\u00fdmenn\u00e1 tryska s <a href=\"https:\/\/orbit-zavlahy.sk\/eshop\/product-category\/rozstrekovace\/system-rozstrekovacov\/trysky-pevne\/\">pevnou v\u00fdse\u010dou<\/a> alebo <a href=\"https:\/\/orbit-zavlahy.sk\/eshop\/product-category\/rozstrekovace\/system-rozstrekovacov\/trysky-nastavitelne\/\">nastavite\u013enou v\u00fdse\u010dou<\/a>; plastov\u00e9 prevedenie; adapt\u00e9r a tryska nie s\u00fa s\u00fa\u010das\u0165ou.<\/p>\n","protected":false},"featured_media":1452,"template":"","meta":{"spay_email":""},"product_cat":[46,25,43],"product_tag":[],"_links":{"self":[{"href":"https:\/\/orbit-zavlahy.sk\/obchod\/wp-json\/wp\/v2\/product\/2067"}],"collection":[{"href":"https:\/\/orbit-zavlahy.sk\/obchod\/wp-json\/wp\/v2\/product"}],"about":[{"href":"https:\/\/orbit-zavlahy.sk\/obchod\/wp-json\/wp\/v2\/types\/product"}],"wp:featuredmedia":[{"embeddable":true,"href":"https:\/\/orbit-zavlahy.sk\/obchod\/wp-json\/wp\/v2\/media\/1452"}],"wp:attachment":[{"href":"https:\/\/orbit-zavlahy.sk\/obchod\/wp-json\/wp\/v2\/media?parent=2067"}],"wp:term":[{"taxonomy":"product_cat","embeddable":true,"href":"https:\/\/orbit-zavlahy.sk\/obchod\/wp-json\/wp\/v2\/product_cat?post=2067"},{"taxonomy":"product_tag","embeddable":true,"href":"https:\/\/orbit-zavlahy.sk\/obchod\/wp-json\/wp\/v2\/product_tag?post=2067"}],"curies":[{"name":"wp","href":"https:\/\/api.w.org\/{rel}","templated":true}]}}