{"id":2065,"date":"2020-11-13T14:56:28","date_gmt":"2020-11-13T13:56:28","guid":{"rendered":"https:\/\/orbit-zavlahy.sk\/eshop\/?post_type=product&#038;p=2065"},"modified":"2020-11-25T13:38:37","modified_gmt":"2020-11-25T12:38:37","slug":"1-2-x-1-2-predlzenie-skracovatelne-30cm-vonkajsi-zavit-2","status":"publish","type":"product","link":"https:\/\/orbit-zavlahy.sk\/obchod\/product\/1-2-x-1-2-predlzenie-skracovatelne-30cm-vonkajsi-zavit-2\/","title":{"rendered":"1\/2&#8243; x 1\/2&#8243; pred\u013a\u017eenie skracovate\u013en\u00e9, 30 cm &#8211; vonkaj\u0161\u00ed z\u00e1vit"},"content":{"rendered":"","protected":false},"excerpt":{"rendered":"<p>1\/2&#8243; x 1\/2&#8243;, vonkaj\u0161\u00ed z\u00e1vit, pred\u013a\u017eenie skracovate\u013en\u00e9, d\u013a\u017eka 30 cm; napr. vyu\u017eitie pre rozstrekova\u010de <a href=\"https:\/\/orbit-zavlahy.sk\/eshop\/product\/1-2-nadzemny-rozstrekovac-pevny\/\">1\/2\u2033 nadzemn\u00fd rozstrekova\u010d pevn\u00fd<\/a>, <a href=\"https:\/\/orbit-zavlahy.sk\/eshop\/product\/1-2-adapter-s-vnutornym-zavitom-a-vonkajsim-zavitom-5-8-pre-naskrutkovanie-vymennych-trysiek\/\">1\/2\u2033 adapt\u00e9r s vn\u00fatorn\u00fdm z\u00e1vitom a vonkaj\u0161\u00edm z\u00e1vitom 5\/8\u2033 pre naskrutkovanie v\u00fdmenn\u00fdch trysiek<\/a>, <a href=\"https:\/\/orbit-zavlahy.sk\/eshop\/product\/1-2-bubbler-ii\/\">1\/2\u2033 Bubbler II<\/a> alebo <a href=\"https:\/\/orbit-zavlahy.sk\/obchod\/product\/1-2-nadzemny-uderovy-rozstrekovac-plastovy-dostrek-do-polomeru-7-12-m\/\">1\/2\u2033 nadzemn\u00fd \u00faderov\u00fd rozstrekova\u010d plastov\u00fd (dostrek do polomeru 7 \u2013 12 m)<\/a>, <a href=\"https:\/\/orbit-zavlahy.sk\/obchod\/product\/1-2-nadzemny-uderovy-rozstrekovac-mosadzny-dostrek-do-priemeru-24-m\/\">1\/2\u2033 nadzemn\u00fd \u00faderov\u00fd rozstrekova\u010d mosadzn\u00fd (dostrek do priemeru 24 m)<\/a> a pod.<\/p>\n","protected":false},"featured_media":1451,"template":"","meta":{"spay_email":""},"product_cat":[46,25,43],"product_tag":[],"_links":{"self":[{"href":"https:\/\/orbit-zavlahy.sk\/obchod\/wp-json\/wp\/v2\/product\/2065"}],"collection":[{"href":"https:\/\/orbit-zavlahy.sk\/obchod\/wp-json\/wp\/v2\/product"}],"about":[{"href":"https:\/\/orbit-zavlahy.sk\/obchod\/wp-json\/wp\/v2\/types\/product"}],"wp:featuredmedia":[{"embeddable":true,"href":"https:\/\/orbit-zavlahy.sk\/obchod\/wp-json\/wp\/v2\/media\/1451"}],"wp:attachment":[{"href":"https:\/\/orbit-zavlahy.sk\/obchod\/wp-json\/wp\/v2\/media?parent=2065"}],"wp:term":[{"taxonomy":"product_cat","embeddable":true,"href":"https:\/\/orbit-zavlahy.sk\/obchod\/wp-json\/wp\/v2\/product_cat?post=2065"},{"taxonomy":"product_tag","embeddable":true,"href":"https:\/\/orbit-zavlahy.sk\/obchod\/wp-json\/wp\/v2\/product_tag?post=2065"}],"curies":[{"name":"wp","href":"https:\/\/api.w.org\/{rel}","templated":true}]}}