{"id":2053,"date":"2020-11-13T14:41:05","date_gmt":"2020-11-13T13:41:05","guid":{"rendered":"https:\/\/orbit-zavlahy.sk\/eshop\/?post_type=product&#038;p=2053"},"modified":"2020-11-13T14:45:13","modified_gmt":"2020-11-13T13:45:13","slug":"t-kus-nastrcny-pre-prepojenie-kvapkovacieho-alebo-pruzneho-potrubia","status":"publish","type":"product","link":"https:\/\/orbit-zavlahy.sk\/obchod\/product\/t-kus-nastrcny-pre-prepojenie-kvapkovacieho-alebo-pruzneho-potrubia\/","title":{"rendered":"T-kus n\u00e1str\u010dn\u00fd pre prepojenie kvapkovacieho alebo pru\u017en\u00e9ho potrubia"},"content":{"rendered":"","protected":false},"excerpt":{"rendered":"","protected":false},"featured_media":2060,"template":"","meta":{"spay_email":""},"product_cat":[27,55],"product_tag":[],"_links":{"self":[{"href":"https:\/\/orbit-zavlahy.sk\/obchod\/wp-json\/wp\/v2\/product\/2053"}],"collection":[{"href":"https:\/\/orbit-zavlahy.sk\/obchod\/wp-json\/wp\/v2\/product"}],"about":[{"href":"https:\/\/orbit-zavlahy.sk\/obchod\/wp-json\/wp\/v2\/types\/product"}],"wp:featuredmedia":[{"embeddable":true,"href":"https:\/\/orbit-zavlahy.sk\/obchod\/wp-json\/wp\/v2\/media\/2060"}],"wp:attachment":[{"href":"https:\/\/orbit-zavlahy.sk\/obchod\/wp-json\/wp\/v2\/media?parent=2053"}],"wp:term":[{"taxonomy":"product_cat","embeddable":true,"href":"https:\/\/orbit-zavlahy.sk\/obchod\/wp-json\/wp\/v2\/product_cat?post=2053"},{"taxonomy":"product_tag","embeddable":true,"href":"https:\/\/orbit-zavlahy.sk\/obchod\/wp-json\/wp\/v2\/product_tag?post=2053"}],"curies":[{"name":"wp","href":"https:\/\/api.w.org\/{rel}","templated":true}]}}