{"id":2052,"date":"2020-11-13T14:38:25","date_gmt":"2020-11-13T13:38:25","guid":{"rendered":"https:\/\/orbit-zavlahy.sk\/eshop\/?post_type=product&#038;p=2052"},"modified":"2020-11-13T14:39:06","modified_gmt":"2020-11-13T13:39:06","slug":"nastrcny-prechod-20-x-3-4-vnutorny-zavit","status":"publish","type":"product","link":"https:\/\/orbit-zavlahy.sk\/obchod\/product\/nastrcny-prechod-20-x-3-4-vnutorny-zavit\/","title":{"rendered":"N\u00e1str\u010dn\u00fd prechod 20 x 3\/4&#8243; vn\u00fatorn\u00fd z\u00e1vit"},"content":{"rendered":"","protected":false},"excerpt":{"rendered":"","protected":false},"featured_media":1545,"template":"","meta":{"spay_email":""},"product_cat":[27,55],"product_tag":[],"_links":{"self":[{"href":"https:\/\/orbit-zavlahy.sk\/obchod\/wp-json\/wp\/v2\/product\/2052"}],"collection":[{"href":"https:\/\/orbit-zavlahy.sk\/obchod\/wp-json\/wp\/v2\/product"}],"about":[{"href":"https:\/\/orbit-zavlahy.sk\/obchod\/wp-json\/wp\/v2\/types\/product"}],"wp:featuredmedia":[{"embeddable":true,"href":"https:\/\/orbit-zavlahy.sk\/obchod\/wp-json\/wp\/v2\/media\/1545"}],"wp:attachment":[{"href":"https:\/\/orbit-zavlahy.sk\/obchod\/wp-json\/wp\/v2\/media?parent=2052"}],"wp:term":[{"taxonomy":"product_cat","embeddable":true,"href":"https:\/\/orbit-zavlahy.sk\/obchod\/wp-json\/wp\/v2\/product_cat?post=2052"},{"taxonomy":"product_tag","embeddable":true,"href":"https:\/\/orbit-zavlahy.sk\/obchod\/wp-json\/wp\/v2\/product_tag?post=2052"}],"curies":[{"name":"wp","href":"https:\/\/api.w.org\/{rel}","templated":true}]}}