{"id":2051,"date":"2020-11-13T14:36:23","date_gmt":"2020-11-13T13:36:23","guid":{"rendered":"https:\/\/orbit-zavlahy.sk\/eshop\/?post_type=product&#038;p=2051"},"modified":"2020-11-25T15:57:14","modified_gmt":"2020-11-25T14:57:14","slug":"redukovany-zavitovy-prechod-16-x-3-4-vnutorny-zavit","status":"publish","type":"product","link":"https:\/\/orbit-zavlahy.sk\/obchod\/product\/redukovany-zavitovy-prechod-16-x-3-4-vnutorny-zavit\/","title":{"rendered":"Redukovan\u00fd z\u00e1vitov\u00fd prechod, 16 x 3\/4&#8243; vn\u00fatorn\u00fd z\u00e1vit"},"content":{"rendered":"","protected":false},"excerpt":{"rendered":"<p>Redukovan\u00fd z\u00e1vitov\u00fd prechod, 16 x 3\/4&#8243; vn\u00fatorn\u00fd z\u00e1vit, s prevle\u010dnou matkou, pre prepojenie kvapkovacieho alebo pru\u017en\u00e9ho potrubia s <a href=\"https:\/\/orbit-zavlahy.sk\/obchod\/product\/potrubie-ld-pe-1bm\/\">pr\u00edvodn\u00fdm PE potrub\u00edm 25 mm (3\/4&#8243;)<\/a><\/p>\n","protected":false},"featured_media":1545,"template":"","meta":{"spay_email":""},"product_cat":[27,55],"product_tag":[],"_links":{"self":[{"href":"https:\/\/orbit-zavlahy.sk\/obchod\/wp-json\/wp\/v2\/product\/2051"}],"collection":[{"href":"https:\/\/orbit-zavlahy.sk\/obchod\/wp-json\/wp\/v2\/product"}],"about":[{"href":"https:\/\/orbit-zavlahy.sk\/obchod\/wp-json\/wp\/v2\/types\/product"}],"wp:featuredmedia":[{"embeddable":true,"href":"https:\/\/orbit-zavlahy.sk\/obchod\/wp-json\/wp\/v2\/media\/1545"}],"wp:attachment":[{"href":"https:\/\/orbit-zavlahy.sk\/obchod\/wp-json\/wp\/v2\/media?parent=2051"}],"wp:term":[{"taxonomy":"product_cat","embeddable":true,"href":"https:\/\/orbit-zavlahy.sk\/obchod\/wp-json\/wp\/v2\/product_cat?post=2051"},{"taxonomy":"product_tag","embeddable":true,"href":"https:\/\/orbit-zavlahy.sk\/obchod\/wp-json\/wp\/v2\/product_tag?post=2051"}],"curies":[{"name":"wp","href":"https:\/\/api.w.org\/{rel}","templated":true}]}}