{"id":2046,"date":"2020-11-13T14:31:04","date_gmt":"2020-11-13T13:31:04","guid":{"rendered":"https:\/\/orbit-zavlahy.sk\/eshop\/?post_type=product&#038;p=2046"},"modified":"2020-11-13T14:33:56","modified_gmt":"2020-11-13T13:33:56","slug":"hlavica-so-4-vyvodmi-1-vnutorny-zavit-x16x16x16x16","status":"publish","type":"product","link":"https:\/\/orbit-zavlahy.sk\/obchod\/product\/hlavica-so-4-vyvodmi-1-vnutorny-zavit-x16x16x16x16\/","title":{"rendered":"Hlavica so 4 v\u00fdvodmi, 1&#8243; vn\u00fatorn\u00fd z\u00e1vit x16x16x16x16"},"content":{"rendered":"","protected":false},"excerpt":{"rendered":"<p>hlavica so 4 v\u00fdvodmi, 1&#8243; vn\u00fatorn\u00fd z\u00e1vit x16x16x16x16; pre prepojenie medzi PE<br \/>\npotrub\u00edm 32 mm a kvapkovac\u00edm potrub\u00edm 16 mm<\/p>\n","protected":false},"featured_media":2047,"template":"","meta":{"spay_email":""},"product_cat":[27,55],"product_tag":[],"_links":{"self":[{"href":"https:\/\/orbit-zavlahy.sk\/obchod\/wp-json\/wp\/v2\/product\/2046"}],"collection":[{"href":"https:\/\/orbit-zavlahy.sk\/obchod\/wp-json\/wp\/v2\/product"}],"about":[{"href":"https:\/\/orbit-zavlahy.sk\/obchod\/wp-json\/wp\/v2\/types\/product"}],"wp:featuredmedia":[{"embeddable":true,"href":"https:\/\/orbit-zavlahy.sk\/obchod\/wp-json\/wp\/v2\/media\/2047"}],"wp:attachment":[{"href":"https:\/\/orbit-zavlahy.sk\/obchod\/wp-json\/wp\/v2\/media?parent=2046"}],"wp:term":[{"taxonomy":"product_cat","embeddable":true,"href":"https:\/\/orbit-zavlahy.sk\/obchod\/wp-json\/wp\/v2\/product_cat?post=2046"},{"taxonomy":"product_tag","embeddable":true,"href":"https:\/\/orbit-zavlahy.sk\/obchod\/wp-json\/wp\/v2\/product_tag?post=2046"}],"curies":[{"name":"wp","href":"https:\/\/api.w.org\/{rel}","templated":true}]}}