{"id":2044,"date":"2020-11-13T14:35:16","date_gmt":"2020-11-13T13:35:16","guid":{"rendered":"https:\/\/orbit-zavlahy.sk\/eshop\/?post_type=product&#038;p=2044"},"modified":"2024-07-16T20:09:22","modified_gmt":"2024-07-16T18:09:22","slug":"1-2-adapter-s-vnutornym-zavitom-a-vonkajsim-zavitom-5-8-pre-naskrutkovanie-vymennych-trysiek","status":"publish","type":"product","link":"https:\/\/orbit-zavlahy.sk\/obchod\/product\/1-2-adapter-s-vnutornym-zavitom-a-vonkajsim-zavitom-5-8-pre-naskrutkovanie-vymennych-trysiek\/","title":{"rendered":"1\/2&#8243; adapt\u00e9r s vn\u00fatorn\u00fdm z\u00e1vitom a vonkaj\u0161\u00edm z\u00e1vitom 5\/8&#8243; pre naskrutkovanie v\u00fdmenn\u00fdch trysiek"},"content":{"rendered":"","protected":false},"excerpt":{"rendered":"<p>1\/2&#8243; adapt\u00e9r s vn\u00fatorn\u00fdm z\u00e1vitom a vonkaj\u0161\u00edm z\u00e1vitom 5\/8&#8243; pre naskrutkovanie ktor\u00fdchko\u013evek v\u00fdmenn\u00fdch trysiek s <a href=\"https:\/\/orbit-zavlahy.sk\/eshop\/product-category\/rozstrekovace\/system-rozstrekovacov\/trysky-pevne\/\">pevnou v\u00fdse\u010dou<\/a> alebo <a href=\"https:\/\/orbit-zavlahy.sk\/eshop\/product-category\/rozstrekovace\/system-rozstrekovacov\/trysky-nastavitelne\/\">nastavite\u013enou v\u00fdse\u010dou<\/a>; na 1\/2&#8243; vn\u00fatorn\u00fd z\u00e1vit sa naskrutkuj\u00fa pred\u013a\u017eenia, napr. <a href=\"https:\/\/orbit-zavlahy.sk\/eshop\/product\/1-2-x-1-2-predlzenie-skracovatelne-vonkajsi-zavit\/\">1\/2&#8243; x 1\/2&#8243;, vonkaj\u0161\u00ed z\u00e1vit, pred\u013a\u017eenie skracovate\u013en\u00e9<\/a> alebo <a href=\"https:\/\/orbit-zavlahy.sk\/eshop\/product\/1-2-spodny-x-5-8-horny-vonkajsi-zavit-pevne-predlzenie\/\">1\/2\u2033 spodn\u00fd x 5\/8\u2033 horn\u00fd vonkaj\u0161\u00ed z\u00e1vit, pevn\u00e9 pred\u013a\u017eenie<\/a>.<\/p>\n","protected":false},"featured_media":1447,"template":"","meta":{"spay_email":""},"product_cat":[46,25,43,45,44],"product_tag":[],"_links":{"self":[{"href":"https:\/\/orbit-zavlahy.sk\/obchod\/wp-json\/wp\/v2\/product\/2044"}],"collection":[{"href":"https:\/\/orbit-zavlahy.sk\/obchod\/wp-json\/wp\/v2\/product"}],"about":[{"href":"https:\/\/orbit-zavlahy.sk\/obchod\/wp-json\/wp\/v2\/types\/product"}],"wp:featuredmedia":[{"embeddable":true,"href":"https:\/\/orbit-zavlahy.sk\/obchod\/wp-json\/wp\/v2\/media\/1447"}],"wp:attachment":[{"href":"https:\/\/orbit-zavlahy.sk\/obchod\/wp-json\/wp\/v2\/media?parent=2044"}],"wp:term":[{"taxonomy":"product_cat","embeddable":true,"href":"https:\/\/orbit-zavlahy.sk\/obchod\/wp-json\/wp\/v2\/product_cat?post=2044"},{"taxonomy":"product_tag","embeddable":true,"href":"https:\/\/orbit-zavlahy.sk\/obchod\/wp-json\/wp\/v2\/product_tag?post=2044"}],"curies":[{"name":"wp","href":"https:\/\/api.w.org\/{rel}","templated":true}]}}