{"id":2036,"date":"2020-11-13T14:24:27","date_gmt":"2020-11-13T13:24:27","guid":{"rendered":"https:\/\/orbit-zavlahy.sk\/eshop\/?post_type=product&#038;p=2036"},"modified":"2020-11-13T14:27:24","modified_gmt":"2020-11-13T13:27:24","slug":"hlavica-s-3-vyvodmi-3-4-vonkajsi-zavit-x16x16x16","status":"publish","type":"product","link":"https:\/\/orbit-zavlahy.sk\/obchod\/product\/hlavica-s-3-vyvodmi-3-4-vonkajsi-zavit-x16x16x16\/","title":{"rendered":"Hlavica s 3 v\u00fdvodmi, 3\/4&#8243; vonkaj\u0161\u00ed z\u00e1vit x16x16x16"},"content":{"rendered":"","protected":false},"excerpt":{"rendered":"<p>hlavica s 3 v\u00fdvodmi, 3\/4&#8243; vonkaj\u0161\u00ed z\u00e1vit x16x16x16; pre prepojenie medzi PE<br \/>\npotrub\u00edm 25 mm a kvapkovac\u00edm potrub\u00edm 16 mm<\/p>\n","protected":false},"featured_media":1543,"template":"","meta":{"spay_email":""},"product_cat":[27,55],"product_tag":[],"_links":{"self":[{"href":"https:\/\/orbit-zavlahy.sk\/obchod\/wp-json\/wp\/v2\/product\/2036"}],"collection":[{"href":"https:\/\/orbit-zavlahy.sk\/obchod\/wp-json\/wp\/v2\/product"}],"about":[{"href":"https:\/\/orbit-zavlahy.sk\/obchod\/wp-json\/wp\/v2\/types\/product"}],"wp:featuredmedia":[{"embeddable":true,"href":"https:\/\/orbit-zavlahy.sk\/obchod\/wp-json\/wp\/v2\/media\/1543"}],"wp:attachment":[{"href":"https:\/\/orbit-zavlahy.sk\/obchod\/wp-json\/wp\/v2\/media?parent=2036"}],"wp:term":[{"taxonomy":"product_cat","embeddable":true,"href":"https:\/\/orbit-zavlahy.sk\/obchod\/wp-json\/wp\/v2\/product_cat?post=2036"},{"taxonomy":"product_tag","embeddable":true,"href":"https:\/\/orbit-zavlahy.sk\/obchod\/wp-json\/wp\/v2\/product_tag?post=2036"}],"curies":[{"name":"wp","href":"https:\/\/api.w.org\/{rel}","templated":true}]}}