{"id":2035,"date":"2020-11-13T14:21:50","date_gmt":"2020-11-13T13:21:50","guid":{"rendered":"https:\/\/orbit-zavlahy.sk\/eshop\/?post_type=product&#038;p=2035"},"modified":"2020-11-13T14:24:05","modified_gmt":"2020-11-13T13:24:05","slug":"1-2-nadzemny-rozstrekovac-pevny","status":"publish","type":"product","link":"https:\/\/orbit-zavlahy.sk\/obchod\/product\/1-2-nadzemny-rozstrekovac-pevny\/","title":{"rendered":"1\/2&#8243; nadzemn\u00fd rozstrekova\u010d pevn\u00fd"},"content":{"rendered":"","protected":false},"excerpt":{"rendered":"<p>1\/2&#8243; nadzemn\u00fd rozstrekova\u010d pevn\u00fd, do krovit\u00fdch kult\u00far, montuje sa na r\u00f4zne pred\u013a\u017eenia, ukon\u010den\u00fd 1\/2&#8243; vonkaj\u0161\u00edm z\u00e1vitom; filter; v\u00fdse\u010d rozstreku 360\u00b0; dostrek 3,6 m; 1,7 baru; 9,6 l\/min<\/p>\n","protected":false},"featured_media":1446,"template":"","meta":{"spay_email":""},"product_cat":[46,25,43],"product_tag":[],"_links":{"self":[{"href":"https:\/\/orbit-zavlahy.sk\/obchod\/wp-json\/wp\/v2\/product\/2035"}],"collection":[{"href":"https:\/\/orbit-zavlahy.sk\/obchod\/wp-json\/wp\/v2\/product"}],"about":[{"href":"https:\/\/orbit-zavlahy.sk\/obchod\/wp-json\/wp\/v2\/types\/product"}],"wp:featuredmedia":[{"embeddable":true,"href":"https:\/\/orbit-zavlahy.sk\/obchod\/wp-json\/wp\/v2\/media\/1446"}],"wp:attachment":[{"href":"https:\/\/orbit-zavlahy.sk\/obchod\/wp-json\/wp\/v2\/media?parent=2035"}],"wp:term":[{"taxonomy":"product_cat","embeddable":true,"href":"https:\/\/orbit-zavlahy.sk\/obchod\/wp-json\/wp\/v2\/product_cat?post=2035"},{"taxonomy":"product_tag","embeddable":true,"href":"https:\/\/orbit-zavlahy.sk\/obchod\/wp-json\/wp\/v2\/product_tag?post=2035"}],"curies":[{"name":"wp","href":"https:\/\/api.w.org\/{rel}","templated":true}]}}