{"id":2033,"date":"2020-11-13T14:21:11","date_gmt":"2020-11-13T13:21:11","guid":{"rendered":"https:\/\/orbit-zavlahy.sk\/eshop\/?post_type=product&#038;p=2033"},"modified":"2020-11-13T14:21:13","modified_gmt":"2020-11-13T13:21:13","slug":"montazny-multifunkcny-kluc-pre-rotacne-hlavice","status":"publish","type":"product","link":"https:\/\/orbit-zavlahy.sk\/obchod\/product\/montazny-multifunkcny-kluc-pre-rotacne-hlavice\/","title":{"rendered":"Mont\u00e1\u017eny multifunk\u010dn\u00fd k\u013e\u00fa\u010d pre rota\u010dn\u00e9 hlavice"},"content":{"rendered":"","protected":false},"excerpt":{"rendered":"<p>Mont\u00e1\u017eny multifunk\u010dn\u00fd k\u013e\u00fa\u010d pre rota\u010dn\u00e9 hlavice<\/p>\n","protected":false},"featured_media":1444,"template":"","meta":{"spay_email":""},"product_cat":[46,25,43],"product_tag":[],"_links":{"self":[{"href":"https:\/\/orbit-zavlahy.sk\/obchod\/wp-json\/wp\/v2\/product\/2033"}],"collection":[{"href":"https:\/\/orbit-zavlahy.sk\/obchod\/wp-json\/wp\/v2\/product"}],"about":[{"href":"https:\/\/orbit-zavlahy.sk\/obchod\/wp-json\/wp\/v2\/types\/product"}],"wp:featuredmedia":[{"embeddable":true,"href":"https:\/\/orbit-zavlahy.sk\/obchod\/wp-json\/wp\/v2\/media\/1444"}],"wp:attachment":[{"href":"https:\/\/orbit-zavlahy.sk\/obchod\/wp-json\/wp\/v2\/media?parent=2033"}],"wp:term":[{"taxonomy":"product_cat","embeddable":true,"href":"https:\/\/orbit-zavlahy.sk\/obchod\/wp-json\/wp\/v2\/product_cat?post=2033"},{"taxonomy":"product_tag","embeddable":true,"href":"https:\/\/orbit-zavlahy.sk\/obchod\/wp-json\/wp\/v2\/product_tag?post=2033"}],"curies":[{"name":"wp","href":"https:\/\/api.w.org\/{rel}","templated":true}]}}