{"id":2023,"date":"2020-11-13T14:12:38","date_gmt":"2020-11-13T13:12:38","guid":{"rendered":"https:\/\/orbit-zavlahy.sk\/eshop\/?post_type=product&#038;p=2023"},"modified":"2020-11-13T14:22:58","modified_gmt":"2020-11-13T13:22:58","slug":"nastrcny-redukovany-prechod-20mm-vonkajsi-zavit","status":"publish","type":"product","link":"https:\/\/orbit-zavlahy.sk\/obchod\/product\/nastrcny-redukovany-prechod-20mm-vonkajsi-zavit\/","title":{"rendered":"N\u00e1str\u010dn\u00fd redukovan\u00fd prechod \/ 20mm, vonkaj\u0161\u00ed z\u00e1vit"},"content":{"rendered":"","protected":false},"excerpt":{"rendered":"<p>n\u00e1str\u010dn\u00fd redukovan\u00fd prechod, vonkaj\u0161\u00ed z\u00e1vit 20 mm, pre prepojenie medzi PE potrub\u00edm 25 mm a kvapkovac\u00edm potrub\u00edm 16 mm<\/p>\n","protected":false},"featured_media":1541,"template":"","meta":{"spay_email":""},"product_cat":[27,55],"product_tag":[],"_links":{"self":[{"href":"https:\/\/orbit-zavlahy.sk\/obchod\/wp-json\/wp\/v2\/product\/2023"}],"collection":[{"href":"https:\/\/orbit-zavlahy.sk\/obchod\/wp-json\/wp\/v2\/product"}],"about":[{"href":"https:\/\/orbit-zavlahy.sk\/obchod\/wp-json\/wp\/v2\/types\/product"}],"wp:featuredmedia":[{"embeddable":true,"href":"https:\/\/orbit-zavlahy.sk\/obchod\/wp-json\/wp\/v2\/media\/1541"}],"wp:attachment":[{"href":"https:\/\/orbit-zavlahy.sk\/obchod\/wp-json\/wp\/v2\/media?parent=2023"}],"wp:term":[{"taxonomy":"product_cat","embeddable":true,"href":"https:\/\/orbit-zavlahy.sk\/obchod\/wp-json\/wp\/v2\/product_cat?post=2023"},{"taxonomy":"product_tag","embeddable":true,"href":"https:\/\/orbit-zavlahy.sk\/obchod\/wp-json\/wp\/v2\/product_tag?post=2023"}],"curies":[{"name":"wp","href":"https:\/\/api.w.org\/{rel}","templated":true}]}}