{"id":2015,"date":"2020-11-13T13:56:56","date_gmt":"2020-11-13T12:56:56","guid":{"rendered":"https:\/\/orbit-zavlahy.sk\/eshop\/?post_type=product&#038;p=2015"},"modified":"2020-11-13T13:56:58","modified_gmt":"2020-11-13T12:56:58","slug":"mp-rotator-ls-lavy-roh","status":"publish","type":"product","link":"https:\/\/orbit-zavlahy.sk\/obchod\/product\/mp-rotator-ls-lavy-roh\/","title":{"rendered":"MP Rotator LS &#8211; \u013eav\u00fd roh"},"content":{"rendered":"","protected":false},"excerpt":{"rendered":"<p>MP Rotator LS &#8211; \u013eav\u00fd roh &#8211; dostrek 1,5 &#8211; 4,6 m<\/p>\n","protected":false},"featured_media":1442,"template":"","meta":{"spay_email":""},"product_cat":[46,25,43],"product_tag":[],"_links":{"self":[{"href":"https:\/\/orbit-zavlahy.sk\/obchod\/wp-json\/wp\/v2\/product\/2015"}],"collection":[{"href":"https:\/\/orbit-zavlahy.sk\/obchod\/wp-json\/wp\/v2\/product"}],"about":[{"href":"https:\/\/orbit-zavlahy.sk\/obchod\/wp-json\/wp\/v2\/types\/product"}],"wp:featuredmedia":[{"embeddable":true,"href":"https:\/\/orbit-zavlahy.sk\/obchod\/wp-json\/wp\/v2\/media\/1442"}],"wp:attachment":[{"href":"https:\/\/orbit-zavlahy.sk\/obchod\/wp-json\/wp\/v2\/media?parent=2015"}],"wp:term":[{"taxonomy":"product_cat","embeddable":true,"href":"https:\/\/orbit-zavlahy.sk\/obchod\/wp-json\/wp\/v2\/product_cat?post=2015"},{"taxonomy":"product_tag","embeddable":true,"href":"https:\/\/orbit-zavlahy.sk\/obchod\/wp-json\/wp\/v2\/product_tag?post=2015"}],"curies":[{"name":"wp","href":"https:\/\/api.w.org\/{rel}","templated":true}]}}