{"id":2009,"date":"2020-11-13T13:13:11","date_gmt":"2020-11-13T12:13:11","guid":{"rendered":"https:\/\/orbit-zavlahy.sk\/eshop\/?post_type=product&#038;p=2009"},"modified":"2020-12-16T16:03:29","modified_gmt":"2020-12-16T15:03:29","slug":"utahovaci-kluc-pre-pe-spojky","status":"publish","type":"product","link":"https:\/\/orbit-zavlahy.sk\/obchod\/product\/utahovaci-kluc-pre-pe-spojky\/","title":{"rendered":"U\u0165ahovac\u00ed k\u013e\u00fa\u010d pre PE spojky"},"content":{"rendered":"","protected":false},"excerpt":{"rendered":"<p>u\u0165ahovac\u00ed k\u013e\u00fa\u010d pre PE spojky 16-20-25-30-40 mm<\/p>\n","protected":false},"featured_media":3136,"template":"","meta":{"spay_email":""},"product_cat":[54,51],"product_tag":[],"_links":{"self":[{"href":"https:\/\/orbit-zavlahy.sk\/obchod\/wp-json\/wp\/v2\/product\/2009"}],"collection":[{"href":"https:\/\/orbit-zavlahy.sk\/obchod\/wp-json\/wp\/v2\/product"}],"about":[{"href":"https:\/\/orbit-zavlahy.sk\/obchod\/wp-json\/wp\/v2\/types\/product"}],"wp:featuredmedia":[{"embeddable":true,"href":"https:\/\/orbit-zavlahy.sk\/obchod\/wp-json\/wp\/v2\/media\/3136"}],"wp:attachment":[{"href":"https:\/\/orbit-zavlahy.sk\/obchod\/wp-json\/wp\/v2\/media?parent=2009"}],"wp:term":[{"taxonomy":"product_cat","embeddable":true,"href":"https:\/\/orbit-zavlahy.sk\/obchod\/wp-json\/wp\/v2\/product_cat?post=2009"},{"taxonomy":"product_tag","embeddable":true,"href":"https:\/\/orbit-zavlahy.sk\/obchod\/wp-json\/wp\/v2\/product_tag?post=2009"}],"curies":[{"name":"wp","href":"https:\/\/api.w.org\/{rel}","templated":true}]}}