{"id":2005,"date":"2020-11-13T13:07:01","date_gmt":"2020-11-13T12:07:01","guid":{"rendered":"https:\/\/orbit-zavlahy.sk\/eshop\/?post_type=product&#038;p=2005"},"modified":"2020-11-14T16:15:09","modified_gmt":"2020-11-14T15:15:09","slug":"teflonovy-tesniaci-spagatik","status":"publish","type":"product","link":"https:\/\/orbit-zavlahy.sk\/obchod\/product\/teflonovy-tesniaci-spagatik\/","title":{"rendered":"Tefl\u00f3nov\u00fd tesniaci \u0161pag\u00e1tik"},"content":{"rendered":"","protected":false},"excerpt":{"rendered":"<p>Tefl\u00f3nov\u00fd tesniaci \u0161pag\u00e1tik. V porovnan\u00ed s tefl\u00f3novou p\u00e1skou je jeho v\u00fdhodou<br \/>\nmo\u017enos\u0165 pooto\u010denia spojov sp\u00e4\u0165, bez kvapkania vody. Vysok\u00e1 tesniaca schopnos\u0165;<br \/>\nmal\u00e1 spotreba (sta\u010d\u00ed len nieko\u013eko ot\u00e1\u010dok); D\u013a\u017eka 80 m (a\u017e 200 1\/2&#8243; z\u00e1vitov)<\/p>\n","protected":false},"featured_media":1537,"template":"","meta":{"spay_email":""},"product_cat":[31,54,51],"product_tag":[],"_links":{"self":[{"href":"https:\/\/orbit-zavlahy.sk\/obchod\/wp-json\/wp\/v2\/product\/2005"}],"collection":[{"href":"https:\/\/orbit-zavlahy.sk\/obchod\/wp-json\/wp\/v2\/product"}],"about":[{"href":"https:\/\/orbit-zavlahy.sk\/obchod\/wp-json\/wp\/v2\/types\/product"}],"wp:featuredmedia":[{"embeddable":true,"href":"https:\/\/orbit-zavlahy.sk\/obchod\/wp-json\/wp\/v2\/media\/1537"}],"wp:attachment":[{"href":"https:\/\/orbit-zavlahy.sk\/obchod\/wp-json\/wp\/v2\/media?parent=2005"}],"wp:term":[{"taxonomy":"product_cat","embeddable":true,"href":"https:\/\/orbit-zavlahy.sk\/obchod\/wp-json\/wp\/v2\/product_cat?post=2005"},{"taxonomy":"product_tag","embeddable":true,"href":"https:\/\/orbit-zavlahy.sk\/obchod\/wp-json\/wp\/v2\/product_tag?post=2005"}],"curies":[{"name":"wp","href":"https:\/\/api.w.org\/{rel}","templated":true}]}}