{"id":1995,"date":"2020-11-13T12:45:20","date_gmt":"2020-11-13T11:45:20","guid":{"rendered":"https:\/\/orbit-zavlahy.sk\/eshop\/?post_type=product&#038;p=1995"},"modified":"2020-11-14T16:14:41","modified_gmt":"2020-11-14T15:14:41","slug":"teflonova-tesniaca-paska","status":"publish","type":"product","link":"https:\/\/orbit-zavlahy.sk\/obchod\/product\/teflonova-tesniaca-paska\/","title":{"rendered":"Tefl\u00f3nov\u00e1 tesniaca p\u00e1ska"},"content":{"rendered":"","protected":false},"excerpt":{"rendered":"<p>tefl\u00f3nov\u00e1 tesniaca p\u00e1ska, n\u00e1vin 1\/2&#8243; x 12 m, vhodn\u00e1 pre utes\u0148ovanie tvaroviek<br \/>\nv z\u00e1vitoch<\/p>\n","protected":false},"featured_media":1536,"template":"","meta":{"spay_email":""},"product_cat":[31,54,51],"product_tag":[],"_links":{"self":[{"href":"https:\/\/orbit-zavlahy.sk\/obchod\/wp-json\/wp\/v2\/product\/1995"}],"collection":[{"href":"https:\/\/orbit-zavlahy.sk\/obchod\/wp-json\/wp\/v2\/product"}],"about":[{"href":"https:\/\/orbit-zavlahy.sk\/obchod\/wp-json\/wp\/v2\/types\/product"}],"wp:featuredmedia":[{"embeddable":true,"href":"https:\/\/orbit-zavlahy.sk\/obchod\/wp-json\/wp\/v2\/media\/1536"}],"wp:attachment":[{"href":"https:\/\/orbit-zavlahy.sk\/obchod\/wp-json\/wp\/v2\/media?parent=1995"}],"wp:term":[{"taxonomy":"product_cat","embeddable":true,"href":"https:\/\/orbit-zavlahy.sk\/obchod\/wp-json\/wp\/v2\/product_cat?post=1995"},{"taxonomy":"product_tag","embeddable":true,"href":"https:\/\/orbit-zavlahy.sk\/obchod\/wp-json\/wp\/v2\/product_tag?post=1995"}],"curies":[{"name":"wp","href":"https:\/\/api.w.org\/{rel}","templated":true}]}}