{"id":1993,"date":"2020-11-13T12:43:34","date_gmt":"2020-11-13T11:43:34","guid":{"rendered":"https:\/\/orbit-zavlahy.sk\/eshop\/?post_type=product&#038;p=1993"},"modified":"2020-11-13T12:44:47","modified_gmt":"2020-11-13T11:44:47","slug":"sada-fe-kit","status":"publish","type":"product","link":"https:\/\/orbit-zavlahy.sk\/obchod\/product\/sada-fe-kit\/","title":{"rendered":"Sada FE KIT"},"content":{"rendered":"","protected":false},"excerpt":{"rendered":"<p>sada FE KIT pre meranie tlaku v plastov\u00fdch filtroch, manometer + adapt\u00e9r.<br \/>\nSl\u00fa\u017ei k trval\u00e9mu meraniu tlaku na filtroch.<\/p>\n","protected":false},"featured_media":1535,"template":"","meta":{"spay_email":""},"product_cat":[54,51],"product_tag":[],"_links":{"self":[{"href":"https:\/\/orbit-zavlahy.sk\/obchod\/wp-json\/wp\/v2\/product\/1993"}],"collection":[{"href":"https:\/\/orbit-zavlahy.sk\/obchod\/wp-json\/wp\/v2\/product"}],"about":[{"href":"https:\/\/orbit-zavlahy.sk\/obchod\/wp-json\/wp\/v2\/types\/product"}],"wp:featuredmedia":[{"embeddable":true,"href":"https:\/\/orbit-zavlahy.sk\/obchod\/wp-json\/wp\/v2\/media\/1535"}],"wp:attachment":[{"href":"https:\/\/orbit-zavlahy.sk\/obchod\/wp-json\/wp\/v2\/media?parent=1993"}],"wp:term":[{"taxonomy":"product_cat","embeddable":true,"href":"https:\/\/orbit-zavlahy.sk\/obchod\/wp-json\/wp\/v2\/product_cat?post=1993"},{"taxonomy":"product_tag","embeddable":true,"href":"https:\/\/orbit-zavlahy.sk\/obchod\/wp-json\/wp\/v2\/product_tag?post=1993"}],"curies":[{"name":"wp","href":"https:\/\/api.w.org\/{rel}","templated":true}]}}